{"id":1567,"date":"2021-06-08T12:31:11","date_gmt":"2021-06-08T12:31:11","guid":{"rendered":"http:\/\/lakedentaire.com\/financial\/"},"modified":"2026-03-26T15:31:00","modified_gmt":"2026-03-26T15:31:00","slug":"finances","status":"publish","type":"page","link":"https:\/\/lakedentaire.com\/fr\/finances\/","title":{"rendered":"Finances"},"content":{"rendered":"\n<div class=\"wp-block-cover alignfull has-custom-content-position is-position-bottom-center\" style=\"min-height:325px;aspect-ratio:unset;\"><img loading=\"lazy\" decoding=\"async\" width=\"1920\" height=\"2560\" class=\"wp-block-cover__image-background wp-image-5504\" alt=\"\" src=\"https:\/\/lakedentaire.com\/wp-content\/uploads\/2025\/02\/IMG_9463-scaled.jpg\" style=\"object-position:50% 53%\" data-object-fit=\"cover\" data-object-position=\"50% 53%\" srcset=\"https:\/\/lakedentaire.com\/wp-content\/uploads\/2025\/02\/IMG_9463-scaled.jpg 1920w, https:\/\/lakedentaire.com\/wp-content\/uploads\/2025\/02\/IMG_9463-225x300.jpg 225w, https:\/\/lakedentaire.com\/wp-content\/uploads\/2025\/02\/IMG_9463-768x1024.jpg 768w, https:\/\/lakedentaire.com\/wp-content\/uploads\/2025\/02\/IMG_9463-1152x1536.jpg 1152w, https:\/\/lakedentaire.com\/wp-content\/uploads\/2025\/02\/IMG_9463-1536x2048.jpg 1536w\" sizes=\"auto, (max-width: 1920px) 100vw, 1920px\" \/><span aria-hidden=\"true\" class=\"wp-block-cover__background has-background-dim-20 has-background-dim wp-block-cover__gradient-background has-background-gradient\" style=\"background:linear-gradient(0deg,rgba(0,0,0,0.16) 0%,rgba(0,0,0,0) 98%)\"><\/span><div class=\"wp-block-cover__inner-container is-layout-flow wp-block-cover-is-layout-flow\">\n<div class=\"wp-block-group max-w-xl mx-auto\"><div class=\"wp-block-group__inner-container is-layout-flow wp-block-group-is-layout-flow\">\n<p class=\"has-text-align-center has-white-color has-text-color has-h-1-font-size\">Finances<\/p>\n<\/div><\/div>\n<\/div><\/div>\n\n\n\n<div class=\"wp-block-group alignfull bg-gradient-to-b from-white to-sea-300 py-12 sm:pt-24 sm:pb-20 relative overflow-hidden\"><div class=\"wp-block-group__inner-container is-layout-flow wp-block-group-is-layout-flow\"><svg class=\"inline-block w-12 h-12 opacity-40 -z-1 absolute -left-36 top-0 w-72 h-72 text-sea-500\" fill=\"none\" viewBox=\"0 0 49 49\" preserveAspectRatio=\"xMinYMin meet\" xmlns=\"http:\/\/www.w3.org\/2000\/svg\">\n    <path d=\"M0 9.21238V10.2889H4.04573V9.30978C4.04573 6.56983 6.27224 4.07088 9.56003 4.07088C12.8182 4.07088 15.0169 6.47243 15.0169 9.08894V10.2889H19.0372V9.38368C19.0372 3.77698 15.1816 0 9.50426 0C3.85477 0 0 3.7308 0 9.21238Z\" fill=\"currentColor\"\/>\n    <path d=\"M29.9644 9.21238V10.2889H34.0092V9.30978C34.0092 6.56983 36.2349 4.07088 39.5227 4.07088C42.7818 4.07088 44.9812 6.47243 44.9812 9.08894V10.2889H48.9999V9.38368C48.9999 3.77698 45.1435 0 39.4703 0C33.8174 0 29.9644 3.7308 29.9644 9.21238Z\" fill=\"currentColor\"\/>\n    <path d=\"M35.1161 37.1686C35.1161 40.0941 34.7975 42.6435 33.056 44.9728C31.1236 47.5205 28.0538 49 24.5395 49C21.0228 49 17.9842 47.5524 16.0214 44.7839C14.2799 42.3294 13.9951 40.032 13.9951 37.1056V32.7618H35.1161V37.1686ZM17.3505 36.1786V37.5045C17.3505 39.0117 17.4713 41.0917 18.7768 42.8408C19.8381 44.2271 21.7799 45.5849 24.5404 45.5849C27.2097 45.5849 29.3027 44.317 30.3656 42.871C31.639 41.1228 31.7607 38.9824 31.7607 37.5045V36.1786H17.3505Z\" fill=\"currentColor\"\/>\n<\/svg>\n    \n\n\n<svg class=\"inline-block w-12 h-12 opacity-40 -z-1 absolute -right-36 top-0 w-72 h-72 text-sea-500\" fill=\"none\" viewBox=\"0 0 49 49\" preserveAspectRatio=\"xMinYMin meet\" xmlns=\"http:\/\/www.w3.org\/2000\/svg\">\n    <path d=\"M0 9.21238V10.2889H4.04573V9.30978C4.04573 6.56983 6.27224 4.07088 9.56003 4.07088C12.8182 4.07088 15.0169 6.47243 15.0169 9.08894V10.2889H19.0372V9.38368C19.0372 3.77698 15.1816 0 9.50426 0C3.85477 0 0 3.7308 0 9.21238Z\" fill=\"currentColor\"\/>\n    <path d=\"M29.9644 9.21238V10.2889H34.0092V9.30978C34.0092 6.56983 36.2349 4.07088 39.5227 4.07088C42.7818 4.07088 44.9812 6.47243 44.9812 9.08894V10.2889H48.9999V9.38368C48.9999 3.77698 45.1435 0 39.4703 0C33.8174 0 29.9644 3.7308 29.9644 9.21238Z\" fill=\"currentColor\"\/>\n    <path d=\"M35.1161 37.1686C35.1161 40.0941 34.7975 42.6435 33.056 44.9728C31.1236 47.5205 28.0538 49 24.5395 49C21.0228 49 17.9842 47.5524 16.0214 44.7839C14.2799 42.3294 13.9951 40.032 13.9951 37.1056V32.7618H35.1161V37.1686ZM17.3505 36.1786V37.5045C17.3505 39.0117 17.4713 41.0917 18.7768 42.8408C19.8381 44.2271 21.7799 45.5849 24.5404 45.5849C27.2097 45.5849 29.3027 44.317 30.3656 42.871C31.639 41.1228 31.7607 38.9824 31.7607 37.5045V36.1786H17.3505Z\" fill=\"currentColor\"\/>\n<\/svg>\n    \n\n\n\n<div class=\"wp-block-group md:px-40 lg:px-56 pb-8\"><div class=\"wp-block-group__inner-container is-layout-flow wp-block-group-is-layout-flow\">\n<p class=\"has-text-align-center\" style=\"font-size:20px\"><meta charset=\"utf-8\">Chez Lake Dentaire, nous voulons rendre la prise en charge de vos besoins dentaires aussi facile que possible pour vous. C&#8217;est pourquoi nous sommes favorables \u00e0 l&#8217;assurance, acceptons un large \u00e9ventail de m\u00e9thodes de paiement et offrons un financement flexible.<\/p>\n<\/div><\/div>\n\n\n\n<div class=\"wp-block-columns alignwide max-w-4xl is-layout-flex wp-container-core-columns-is-layout-9d6595d7 wp-block-columns-is-layout-flex\">\n<div class=\"wp-block-column text-center md:text-left is-layout-flow wp-block-column-is-layout-flow\">\n<h2 class=\"wp-block-heading has-h-2-font-size\"><mark style=\"background-color:rgba(0, 0, 0, 0)\" class=\"has-inline-color has-black-color\">Examen<\/mark><mark style=\"background-color:rgba(0, 0, 0, 0)\" class=\"has-inline-color has-sea-700-color\"> complet <\/mark><mark style=\"background-color:rgba(0, 0, 0, 0)\" class=\"has-inline-color has-black-color\">et promotion de<\/mark><mark style=\"background-color:rgba(0, 0, 0, 0)\" class=\"has-inline-color has-sea-700-color\"> nettoyage&nbsp;!<\/mark><\/h2>\n\n\n\n<h2 class=\"wp-block-heading has-h-4-font-size\">NOTRE PROMOTION COMPREND:<\/h2>\n\n\n\n<ul class=\"wp-block-list check-list\">\n<li>Examen<strong> Complet<\/strong><\/li>\n\n\n\n<li>Radiographies<strong><strong> compl\u00e8tes<\/strong><\/strong><\/li>\n\n\n\n<li>Radiographie<strong><strong> panoramique<\/strong><\/strong><\/li>\n\n\n\n<li>Nettoyage<\/li>\n<\/ul>\n\n\n\n<p class=\"has-tiny-font-size\">Appelez pour plus de d\u00e9tails. Les promotions ne peuvent pas \u00eatre combin\u00e9es. L&#8217;offre prend fin le 30 juin 2026.<\/p>\n<\/div>\n\n\n\n<div class=\"wp-block-column px-8 md:pl-20 md:pr-0 space-y-8 text-center sm:text-left is-layout-flow wp-block-column-is-layout-flow\">\n<div class=\"wp-block-group border-4 border-sea-500 pt-10 px-4 md:p-10 md:pb-0 bg-white flex flex-col justify-center items-center\"><div class=\"wp-block-group__inner-container is-layout-flow wp-block-group-is-layout-flow\">\n<h2 class=\"wp-block-heading has-text-align-center has-h-2-font-size\">$399<\/h2>\n\n\n\n<p class=\"has-text-align-center has-h-4-font-size\">PRIX REGULIER $563<\/p>\n<\/div><\/div>\n\n\n\n<a href=\"#\" class=\"btn bg-sea-700 text-sea-700 text-center my-12 h4 mx-auto md:mx-0\" onclick=\"initFlexBook('https:\/\/flexbook.me\/lake')\">R\u00e9server Maintenant<\/a>\n\n\n\n<p><\/p>\n<\/div>\n<\/div>\n<\/div><\/div>\n\n\n\n<div style=\"height:80px\" aria-hidden=\"true\" class=\"wp-block-spacer\"><\/div>\n\n\n\n<div class=\"wp-block-columns alignwide gap-20 max-w-5xl is-layout-flex wp-container-core-columns-is-layout-9d6595d7 wp-block-columns-is-layout-flex\">\n<div class=\"wp-block-column is-layout-flow wp-block-column-is-layout-flow\" style=\"flex-basis:50%\">\n<h2 class=\"wp-block-heading mb-12 has-blush-800-color has-text-color has-h-2-font-size\">Assurances<\/h2>\n\n\n\n<p class=\"tracking-wider has-text-color\" style=\"color:#9b9b9b\">Nous acceptons la majorit\u00e9 des assurances dentaires. Si vous avez des questions sur le fonctionnement de l\u2019assurance dentaire, n\u2019h\u00e9sitez pas \u00e0 nous les poser ! Notre personnel vous fournira des explications avec plaisir.<\/p>\n\n\n\n<p class=\"tracking-wider has-text-color\" style=\"color:#9b9b9b\">Apr\u00e8s votre rendez-vous, quand vous aurez pay\u00e9 le total des frais, nous soumettrons \u00e9lectroniquement votre demande de remboursement \u00e0 votre assureur pour vous ! Vous recevrez par la suite le remboursement de votre assureur par la poste dans un d\u00e9lai de deux \u00e0 trois semaines. Nous nous occupons de cette d\u00e9marche pour vous simplifier la vie !<\/p>\n\n\n\n<p class=\"tracking-wider has-text-color\" style=\"color:#9b9b9b\">Nous offrons aussi la possibilit\u00e9 de soumettre un devis pour un plan de traitement afin de savoir quelle portion du traitement sera couverte par votre compagnie d\u2019assurance. Une fois le devis soumis, vous devriez recevoir une r\u00e9ponse par la poste deux ou trois semaines plus tard.<\/p>\n\n\n\n<p class=\"tracking-wider has-text-color\" style=\"color:#9b9b9b\">\u00c0 partir du 1er janvier 2022, nous n&#8217;acceptons plus la RAMQ pour les enfants et adultes.<\/p>\n\n\n\n<p class=\"tracking-wider has-text-color\" style=\"color:#9b9b9b\">Veuillez noter que nous ne participons pas au R\u00e9gime canadien de soins dentaires.<\/p>\n\n\n\n<p class=\"tracking-wider has-text-color\" style=\"color:#9b9b9b\">Nous faisons parti de l&#8217;assurance \u00e9tudiant ASEQ.<\/p>\n<\/div>\n\n\n\n<div class=\"wp-block-column is-layout-flow wp-block-column-is-layout-flow\" style=\"flex-basis:50%\">\n<h2 class=\"wp-block-heading mb-12 has-blush-800-color has-text-color has-h-2-font-size\">Modalit\u00e9s de paiement mensuel<\/h2>\n\n\n\n<p class=\"tracking-wider has-text-color\" style=\"color:#9b9b9b\">Nous croyons qu\u2019il nous revient d\u2019offrir des solutions de paiement abordables \u00e0 nos patients. Nous sommes partenaires avec iFinance Canada. Pour notre formulaire de demande de financement visitez&nbsp;<a class=\"underline\" href=\"https:\/\/www.dentalcard.ca\/apply-now.php?id=15304&amp;lang=fr\" target=\"_blank\" rel=\"noreferrer noopener\">dentalcard.ca<\/a><\/p>\n\n\n\n<figure class=\"wp-block-image size-large\"><img loading=\"lazy\" decoding=\"async\" width=\"183\" height=\"50\" src=\"https:\/\/lakedentaire.com\/wp-content\/uploads\/2021\/06\/payment-options.png\" alt=\"\" class=\"wp-image-1446\"\/><\/figure>\n<\/div>\n<\/div>\n\n\n\n<div style=\"height:80px\" aria-hidden=\"true\" class=\"wp-block-spacer\"><\/div>\n","protected":false},"excerpt":{"rendered":"<p>Chez Lake Dentaire, nous voulons rendre la prise en charge de vos besoins dentaires aussi facile que possible pour vous. C&#8217;est pourquoi nous sommes favorables \u00e0 l&#8217;assurance, acceptons un large \u00e9ventail de m\u00e9thodes de paiement et offrons un financement flexible. Examen complet et promotion de nettoyage&nbsp;! NOTRE PROMOTION COMPREND: Appelez pour plus de d\u00e9tails. Les &hellip; <a href=\"https:\/\/lakedentaire.com\/fr\/finances\/\">Continued<\/a><\/p>\n","protected":false},"author":2,"featured_media":4292,"parent":0,"menu_order":0,"comment_status":"closed","ping_status":"closed","template":"","meta":{"_acf_changed":false,"_monsterinsights_skip_tracking":false,"_monsterinsights_sitenote_active":false,"_monsterinsights_sitenote_note":"","_monsterinsights_sitenote_category":0,"footnotes":""},"class_list":["post-1567","page","type-page","status-publish","has-post-thumbnail","hentry"],"acf":[],"_links":{"self":[{"href":"https:\/\/lakedentaire.com\/fr\/wp-json\/wp\/v2\/pages\/1567","targetHints":{"allow":["GET"]}}],"collection":[{"href":"https:\/\/lakedentaire.com\/fr\/wp-json\/wp\/v2\/pages"}],"about":[{"href":"https:\/\/lakedentaire.com\/fr\/wp-json\/wp\/v2\/types\/page"}],"author":[{"embeddable":true,"href":"https:\/\/lakedentaire.com\/fr\/wp-json\/wp\/v2\/users\/2"}],"replies":[{"embeddable":true,"href":"https:\/\/lakedentaire.com\/fr\/wp-json\/wp\/v2\/comments?post=1567"}],"version-history":[{"count":73,"href":"https:\/\/lakedentaire.com\/fr\/wp-json\/wp\/v2\/pages\/1567\/revisions"}],"predecessor-version":[{"id":5950,"href":"https:\/\/lakedentaire.com\/fr\/wp-json\/wp\/v2\/pages\/1567\/revisions\/5950"}],"wp:featuredmedia":[{"embeddable":true,"href":"https:\/\/lakedentaire.com\/fr\/wp-json\/wp\/v2\/media\/4292"}],"wp:attachment":[{"href":"https:\/\/lakedentaire.com\/fr\/wp-json\/wp\/v2\/media?parent=1567"}],"curies":[{"name":"wp","href":"https:\/\/api.w.org\/{rel}","templated":true}]}}