{"id":1568,"date":"2021-06-09T13:30:38","date_gmt":"2021-06-09T13:30:38","guid":{"rendered":"http:\/\/lakedentaire.com\/reach-us\/"},"modified":"2026-03-30T14:12:55","modified_gmt":"2026-03-30T14:12:55","slug":"contactez-nous","status":"publish","type":"page","link":"https:\/\/lakedentaire.com\/fr\/contactez-nous\/","title":{"rendered":"Contact"},"content":{"rendered":"\n<div class=\"wp-block-cover alignfull has-custom-content-position is-position-bottom-center has-white-color has-text-color has-link-color wp-elements-f001b928064eeb428a4023ff066efb21\" style=\"min-height:325px;aspect-ratio:unset;\"><img loading=\"lazy\" decoding=\"async\" width=\"2560\" height=\"2560\" class=\"wp-block-cover__image-background wp-image-5496\" alt=\"\" src=\"https:\/\/lakedentaire.com\/wp-content\/uploads\/2025\/02\/IMG_1783-scaled.jpg\" style=\"object-position:50% 43%\" data-object-fit=\"cover\" data-object-position=\"50% 43%\" srcset=\"https:\/\/lakedentaire.com\/wp-content\/uploads\/2025\/02\/IMG_1783-scaled.jpg 2560w, https:\/\/lakedentaire.com\/wp-content\/uploads\/2025\/02\/IMG_1783-300x300.jpg 300w, https:\/\/lakedentaire.com\/wp-content\/uploads\/2025\/02\/IMG_1783-1024x1024.jpg 1024w, https:\/\/lakedentaire.com\/wp-content\/uploads\/2025\/02\/IMG_1783-150x150.jpg 150w, https:\/\/lakedentaire.com\/wp-content\/uploads\/2025\/02\/IMG_1783-768x768.jpg 768w, https:\/\/lakedentaire.com\/wp-content\/uploads\/2025\/02\/IMG_1783-1536x1536.jpg 1536w, https:\/\/lakedentaire.com\/wp-content\/uploads\/2025\/02\/IMG_1783-2048x2048.jpg 2048w\" sizes=\"auto, (max-width: 2560px) 100vw, 2560px\" \/><span aria-hidden=\"true\" class=\"wp-block-cover__background has-background-dim-40 has-background-dim wp-block-cover__gradient-background has-background-gradient\" style=\"background:linear-gradient(0deg,rgba(0,0,0,0.47) 3%,rgba(0,0,0,0.16) 100%)\"><\/span><div class=\"wp-block-cover__inner-container is-layout-flow wp-block-cover-is-layout-flow\">\n<p class=\"has-text-align-center has-white-color has-text-color has-link-color has-h-1-font-size wp-elements-351542c6c293f7eb4127aab3ebd485b1\">Contact<\/p>\n<\/div><\/div>\n\n\n\n<div class=\"wp-block-columns alignwide gap-20 my-24 max-w-5xl is-layout-flex wp-container-core-columns-is-layout-9d6595d7 wp-block-columns-is-layout-flex\">\n<div class=\"wp-block-column is-layout-flow wp-block-column-is-layout-flow\" style=\"flex-basis:65%\">\n<p class=\"mb-12 has-text-color\" style=\"color:#9b9b9b\">Si vous souhaitez nous joindre, veuillez nous envoyer un SMS au <a href=\"sms:5148199292\"><\/a><a href=\"sms:5148199292\"><mark style=\"background-color:rgba(0, 0, 0, 0);color:#2782ad\" class=\"has-inline-color\">(514) 819-9292<\/mark><\/a> ou nous envoyer un courriel \u00e0 <a href=\"mailto:info@lakedentaire.com\"><\/a><a href=\"mailto:info@lakedentaire.com\"><mark style=\"background-color:rgba(0, 0, 0, 0);color:#2782ad\" class=\"has-inline-color\">info@lakedentaire.com<\/mark><\/a>. Nous avons \u00e9galement un syst\u00e8me de planification pratique, o\u00f9 vous pouvez choisir votre rendez-vous \u00e0 l&#8217;heure que vous voulez. N&#8217;h\u00e9sitez pas \u00e0 nous contacter si vous avez une urgence dentaire, nous sommes toujours heureux de vous aider !<\/p>\n\n\n\n<a href=\"#\" class=\"btn bg-blush-800 mt-4 mb-8 text-center h4\" onclick=\"initFlexBook('https:\/\/flexbook.me\/lake')\">R\u00e9servez un rendez-vous aujourd&#8217;hui<\/a>\n\n\n\n<h2 class=\"wp-block-heading my-12 has-blush-800-color has-text-color has-h-2-font-size\">Heures d&#8217;ouverture<\/h2>\n\n\n<dl class=\"dl\">\n                        <dt>Lundi<\/dt>\n                <dd class=\"pl-4\">\n          9:00 - 18:00\n        <\/dd>\n                                      <dt>Mardi<\/dt>\n                <dd class=\"pl-4\">\n          9:00 - 18:00\n        <\/dd>\n                                      <dt>Mercredi<\/dt>\n                <dd class=\"pl-4\">\n          9:00 - 17:00\n        <\/dd>\n                                      <dt>Jeudi<\/dt>\n                <dd class=\"pl-4\">\n          9:00 - 14:00\n        <\/dd>\n                                      <dt>Vendredi-Dimanche<\/dt>\n                <dd class=\"pl-4\">Ferm\u00e9<\/dd>\n                <\/dl>\n\n<\/div>\n\n\n\n<div class=\"wp-block-column is-layout-flow wp-block-column-is-layout-flow\" style=\"flex-basis:35%\"><link rel='stylesheet' id='formidable-css' href='https:\/\/lakedentaire.com\/wp-content\/plugins\/formidable\/css\/formidableforms.css?ver=3191854' media='all' \/>\n<div class=\"frm_forms  with_frm_style frm_style_formidable-style\" id=\"frm_form_2_container\" >\n<form enctype=\"multipart\/form-data\" method=\"post\" class=\"frm-show-form  frm_pro_form \" id=\"form_contact-us-fr\" >\n<div class=\"frm_form_fields \">\n<fieldset>\n<legend class=\"frm_screen_reader\">Contact Us FR<\/legend>\r\n\r\n<div class=\"frm_fields_container\">\n<input type=\"hidden\" name=\"frm_action\" value=\"create\" \/>\n<input type=\"hidden\" name=\"form_id\" value=\"2\" \/>\n<input type=\"hidden\" name=\"frm_hide_fields_2\" id=\"frm_hide_fields_2\" value=\"\" \/>\n<input type=\"hidden\" name=\"form_key\" value=\"contact-us-fr\" \/>\n<input type=\"hidden\" name=\"item_meta[0]\" value=\"\" \/>\n<input type=\"hidden\" id=\"frm_submit_entry_2\" name=\"frm_submit_entry_2\" value=\"b8661741af\" \/><input type=\"hidden\" name=\"_wp_http_referer\" value=\"\/fr\/wp-json\/wp\/v2\/pages\/1568\" \/><div id=\"frm_field_6_container\" class=\"frm_form_field form-field  frm_required_field frm_top_container frm_first frm_half\">\r\n    <label for=\"field_qh4icy\" id=\"field_qh4icy_label\" class=\"frm_primary_label\">Nom\r\n        <span class=\"frm_required\" aria-hidden=\"true\">*<\/span>\r\n    <\/label>\r\n    <input  type=\"text\" id=\"field_qh4icy\" name=\"item_meta[6]\" value=\"\"  data-reqmsg=\"Ce champ ne peut \u00eatre vide.\" aria-required=\"true\" data-invmsg=\"Name is invalid\" aria-invalid=\"false\"   \/>\r\n    \r\n    \r\n<\/div>\n<div id=\"frm_field_7_container\" class=\"frm_form_field form-field  frm_required_field frm_top_container frm_half\">\r\n    <label for=\"field_ocfup1\" id=\"field_ocfup1_label\" class=\"frm_primary_label\">Prenom\r\n        <span class=\"frm_required\" aria-hidden=\"true\">*<\/span>\r\n    <\/label>\r\n    <input  type=\"text\" id=\"field_ocfup1\" name=\"item_meta[7]\" value=\"\"  data-reqmsg=\"Ce champ ne peut \u00eatre vide.\" aria-required=\"true\" data-invmsg=\"Last is invalid\" aria-invalid=\"false\"   \/>\r\n    \r\n    \r\n<\/div>\n<div id=\"frm_field_8_container\" class=\"frm_form_field form-field  frm_required_field frm_top_container frm_full\">\r\n    <label for=\"field_29yf4d\" id=\"field_29yf4d_label\" class=\"frm_primary_label\">Courriel\r\n        <span class=\"frm_required\" aria-hidden=\"true\">*<\/span>\r\n    <\/label>\r\n    <input type=\"email\" id=\"field_29yf4d\" name=\"item_meta[8]\" value=\"\"  data-reqmsg=\"Courriel cannot be blank.\" aria-required=\"true\" data-invmsg=\"S&#039;il vous pla\u00eet, mettez une adresse email valide\" aria-invalid=\"false\"  \/>\r\n    \r\n    \r\n<\/div>\n<div id=\"frm_field_9_container\" class=\"frm_form_field form-field  frm_required_field frm_top_container frm_full\">\r\n    <label for=\"field_e6lis6\" id=\"field_e6lis6_label\" class=\"frm_primary_label\">Sujet\r\n        <span class=\"frm_required\" aria-hidden=\"true\">*<\/span>\r\n    <\/label>\r\n    <input  type=\"text\" id=\"field_e6lis6\" name=\"item_meta[9]\" value=\"\"  data-reqmsg=\"Ce champ ne peut \u00eatre vide.\" aria-required=\"true\" data-invmsg=\"Subject is invalid\" aria-invalid=\"false\"   \/>\r\n    \r\n    \r\n<\/div>\n<div id=\"frm_field_10_container\" class=\"frm_form_field form-field  frm_required_field frm_top_container frm_full\">\r\n    <label for=\"field_9jv0r1\" id=\"field_9jv0r1_label\" class=\"frm_primary_label\">Message\r\n        <span class=\"frm_required\" aria-hidden=\"true\">*<\/span>\r\n    <\/label>\r\n    <textarea name=\"item_meta[10]\" id=\"field_9jv0r1\" rows=\"5\"  data-reqmsg=\"Ce champ ne peut \u00eatre vide.\" aria-required=\"true\" data-invmsg=\"Message is invalid\" aria-invalid=\"false\"  ><\/textarea>\r\n    \r\n    \r\n<\/div>\n<div id=\"frm_field_16_container\" class=\"frm_form_field form-field  frm_none_container\">\r\n    <label for=\"g-recaptcha-response\" id=\"field_2xwx_label\" class=\"frm_primary_label\">reCAPTCHA\r\n        <span class=\"frm_required\" aria-hidden=\"true\"><\/span>\r\n    <\/label>\r\n    <div  id=\"field_2xwx\" class=\"frm-g-recaptcha\" data-sitekey=\"6LeacAgcAAAAAHVbLWS6ImWyG1jz_AiSFvTTB6zd\" data-size=\"invisible\" data-theme=\"light\"><\/div>\r\n    \r\n    \r\n<\/div>\n\t<input type=\"hidden\" name=\"item_key\" value=\"\" \/>\n\t\t\t<div id=\"frm_field_18_container\">\n\t\t\t<label for=\"field_b3w90\" >\n\t\t\t\tIf you are human, leave this field blank.\t\t\t<\/label>\n\t\t\t<input  id=\"field_b3w90\" type=\"text\" class=\"frm_form_field form-field frm_verify\" name=\"item_meta[18]\" value=\"\"  \/>\n\t\t<\/div>\n\t\t<input name=\"frm_state\" type=\"hidden\" value=\"Go3GKDTUGsUV2JpzIjSswKkxdVjAX+z\/yvV\/oeCHydmSFXQ2hE+NkGXEw1lYv9x8\" \/><div class=\"frm_submit\">\r\n\r\n<button class=\"frm_button_submit frm_final_submit\" type=\"submit\"   formnovalidate=\"formnovalidate\">Soumettre<\/button>\r\n\r\n<\/div><\/div>\n<\/fieldset>\n<\/div>\n\n<\/form>\n<\/div>\n<\/div>\n<\/div>\n\n\n\t\t<div\n            id=\"wpmapblock_7a78f678\"\n            data-settings='{&quot;map_marker&quot;:[{&quot;lat&quot;:&quot;45.4772845&quot;,&quot;lng&quot;:&quot;-73.8381929&quot;,&quot;title&quot;:&quot;Lake Dentaire&quot;,&quot;content&quot;:&quot;Come visit us!&quot;,&quot;iconType&quot;:&quot;default&quot;,&quot;customIconUrl&quot;:&quot;&quot;,&quot;customIconWidth&quot;:&quot;25&quot;,&quot;customIconHeight&quot;:&quot;40&quot;}],&quot;map_zoom&quot;:&quot;16&quot;,&quot;scroll_wheel_zoom&quot;:false,&quot;map_type&quot;:&quot;GM&quot;,&quot;center_index&quot;:0}'\n            class=\"wpmapblockrender\"\n            style=\"\n\t\t\twidth: 100%;\n\t\t\theight: 500px;\n\t\t\"\n            >\n        <\/div>\n        ","protected":false},"excerpt":{"rendered":"<p>Si vous souhaitez nous joindre, veuillez nous envoyer un SMS au (514) 819-9292 ou nous envoyer un courriel \u00e0 info@lakedentaire.com. Nous avons \u00e9galement un syst\u00e8me de planification pratique, o\u00f9 vous pouvez choisir votre rendez-vous \u00e0 l&#8217;heure que vous voulez. N&#8217;h\u00e9sitez pas \u00e0 nous contacter si vous avez une urgence dentaire, nous sommes toujours heureux de &hellip; <a href=\"https:\/\/lakedentaire.com\/fr\/contactez-nous\/\">Continued<\/a><\/p>\n","protected":false},"author":2,"featured_media":5496,"parent":0,"menu_order":0,"comment_status":"closed","ping_status":"closed","template":"","meta":{"_acf_changed":false,"_monsterinsights_skip_tracking":false,"_monsterinsights_sitenote_active":false,"_monsterinsights_sitenote_note":"","_monsterinsights_sitenote_category":0,"footnotes":""},"class_list":["post-1568","page","type-page","status-publish","has-post-thumbnail","hentry"],"acf":[],"_links":{"self":[{"href":"https:\/\/lakedentaire.com\/fr\/wp-json\/wp\/v2\/pages\/1568","targetHints":{"allow":["GET"]}}],"collection":[{"href":"https:\/\/lakedentaire.com\/fr\/wp-json\/wp\/v2\/pages"}],"about":[{"href":"https:\/\/lakedentaire.com\/fr\/wp-json\/wp\/v2\/types\/page"}],"author":[{"embeddable":true,"href":"https:\/\/lakedentaire.com\/fr\/wp-json\/wp\/v2\/users\/2"}],"replies":[{"embeddable":true,"href":"https:\/\/lakedentaire.com\/fr\/wp-json\/wp\/v2\/comments?post=1568"}],"version-history":[{"count":36,"href":"https:\/\/lakedentaire.com\/fr\/wp-json\/wp\/v2\/pages\/1568\/revisions"}],"predecessor-version":[{"id":5968,"href":"https:\/\/lakedentaire.com\/fr\/wp-json\/wp\/v2\/pages\/1568\/revisions\/5968"}],"wp:featuredmedia":[{"embeddable":true,"href":"https:\/\/lakedentaire.com\/fr\/wp-json\/wp\/v2\/media\/5496"}],"wp:attachment":[{"href":"https:\/\/lakedentaire.com\/fr\/wp-json\/wp\/v2\/media?parent=1568"}],"curies":[{"name":"wp","href":"https:\/\/api.w.org\/{rel}","templated":true}]}}