{"id":1629,"date":"2021-06-02T22:39:42","date_gmt":"2021-06-02T22:39:42","guid":{"rendered":"http:\/\/lakedentaire.com\/invisalign\/"},"modified":"2026-03-26T15:30:44","modified_gmt":"2026-03-26T15:30:44","slug":"invisalign","status":"publish","type":"page","link":"https:\/\/lakedentaire.com\/fr\/invisalign\/","title":{"rendered":"Invisalign"},"content":{"rendered":"\n<div class=\"wp-block-group alignfull bg-gradient-to-b from-white to-sea-300 pt-14 pb-20 relative overflow-hidden\"><div class=\"wp-block-group__inner-container is-layout-flow wp-block-group-is-layout-flow\"><svg class=\"inline-block w-12 h-12 opacity-40 -z-1 absolute -left-36 top-0 w-72 h-72 text-sea-500\" fill=\"none\" viewBox=\"0 0 49 49\" preserveAspectRatio=\"xMinYMin meet\" xmlns=\"http:\/\/www.w3.org\/2000\/svg\">\n    <path d=\"M0 9.21238V10.2889H4.04573V9.30978C4.04573 6.56983 6.27224 4.07088 9.56003 4.07088C12.8182 4.07088 15.0169 6.47243 15.0169 9.08894V10.2889H19.0372V9.38368C19.0372 3.77698 15.1816 0 9.50426 0C3.85477 0 0 3.7308 0 9.21238Z\" fill=\"currentColor\"\/>\n    <path d=\"M29.9644 9.21238V10.2889H34.0092V9.30978C34.0092 6.56983 36.2349 4.07088 39.5227 4.07088C42.7818 4.07088 44.9812 6.47243 44.9812 9.08894V10.2889H48.9999V9.38368C48.9999 3.77698 45.1435 0 39.4703 0C33.8174 0 29.9644 3.7308 29.9644 9.21238Z\" fill=\"currentColor\"\/>\n    <path d=\"M35.1161 37.1686C35.1161 40.0941 34.7975 42.6435 33.056 44.9728C31.1236 47.5205 28.0538 49 24.5395 49C21.0228 49 17.9842 47.5524 16.0214 44.7839C14.2799 42.3294 13.9951 40.032 13.9951 37.1056V32.7618H35.1161V37.1686ZM17.3505 36.1786V37.5045C17.3505 39.0117 17.4713 41.0917 18.7768 42.8408C19.8381 44.2271 21.7799 45.5849 24.5404 45.5849C27.2097 45.5849 29.3027 44.317 30.3656 42.871C31.639 41.1228 31.7607 38.9824 31.7607 37.5045V36.1786H17.3505Z\" fill=\"currentColor\"\/>\n<\/svg>\n    \n\n\n<svg class=\"inline-block w-12 h-12 opacity-40 -z-1 absolute -right-36 top-0 w-72 h-72 text-sea-500\" fill=\"none\" viewBox=\"0 0 49 49\" preserveAspectRatio=\"xMinYMin meet\" xmlns=\"http:\/\/www.w3.org\/2000\/svg\">\n    <path d=\"M0 9.21238V10.2889H4.04573V9.30978C4.04573 6.56983 6.27224 4.07088 9.56003 4.07088C12.8182 4.07088 15.0169 6.47243 15.0169 9.08894V10.2889H19.0372V9.38368C19.0372 3.77698 15.1816 0 9.50426 0C3.85477 0 0 3.7308 0 9.21238Z\" fill=\"currentColor\"\/>\n    <path d=\"M29.9644 9.21238V10.2889H34.0092V9.30978C34.0092 6.56983 36.2349 4.07088 39.5227 4.07088C42.7818 4.07088 44.9812 6.47243 44.9812 9.08894V10.2889H48.9999V9.38368C48.9999 3.77698 45.1435 0 39.4703 0C33.8174 0 29.9644 3.7308 29.9644 9.21238Z\" fill=\"currentColor\"\/>\n    <path d=\"M35.1161 37.1686C35.1161 40.0941 34.7975 42.6435 33.056 44.9728C31.1236 47.5205 28.0538 49 24.5395 49C21.0228 49 17.9842 47.5524 16.0214 44.7839C14.2799 42.3294 13.9951 40.032 13.9951 37.1056V32.7618H35.1161V37.1686ZM17.3505 36.1786V37.5045C17.3505 39.0117 17.4713 41.0917 18.7768 42.8408C19.8381 44.2271 21.7799 45.5849 24.5404 45.5849C27.2097 45.5849 29.3027 44.317 30.3656 42.871C31.639 41.1228 31.7607 38.9824 31.7607 37.5045V36.1786H17.3505Z\" fill=\"currentColor\"\/>\n<\/svg>\n    \n\n\n\n<div class=\"wp-block-group alignwide max-w-3xl\"><div class=\"wp-block-group__inner-container is-layout-flow wp-block-group-is-layout-flow\">\n<h2 class=\"wp-block-heading has-text-align-center mb-6 has-h-2-font-size\">Nous avons rendu la r\u00e9servation en ligne vraiment facile !<\/h2>\n\n\n\n<p class=\"has-text-align-center has-base-font-size\"><meta charset=\"utf-8\"><strong><meta charset=\"utf-8\"><\/strong>Elles sont <strong>plus confortables<\/strong>, <strong>presque invisibles<\/strong> et peuvent \u00eatre <strong>retir\u00e9es pour votre confort<\/strong>.<\/p>\n<\/div><\/div>\n\n\n\n<div class=\"wp-block-group pt-4\"><div class=\"wp-block-group__inner-container is-layout-flow wp-block-group-is-layout-flow\">\n<div class=\"wp-block-columns alignwide are-vertically-aligned-top max-w-4xl px-8 md:px-0 flex flex-col md:flex-row items-start gap-8 is-layout-flex wp-container-core-columns-is-layout-9d6595d7 wp-block-columns-is-layout-flex\">\n<div class=\"wp-block-column is-vertically-aligned-top w-full is-layout-flow wp-block-column-is-layout-flow\">\n<div class=\"wp-block-group p-4\"><div class=\"wp-block-group__inner-container is-layout-flow wp-block-group-is-layout-flow\">\n<h2 class=\"wp-block-heading has-text-align-center mb-2 has-sea-700-color has-text-color has-h-2-font-size\"><strong>16 million<\/strong><\/h2>\n\n\n\n<h4 class=\"wp-block-heading has-text-align-center has-h-4-font-size\">SOURIRES CORRIG\u00c9S<\/h4>\n<\/div><\/div>\n<\/div>\n\n\n\n<div class=\"wp-block-column w-full is-layout-flow wp-block-column-is-layout-flow\">\n<div class=\"wp-block-group p-4\"><div class=\"wp-block-group__inner-container is-layout-flow wp-block-group-is-layout-flow\">\n<h2 class=\"wp-block-heading has-text-align-center mb-2 has-sea-700-color has-text-color has-h-2-font-size\"><strong>25 ann\u00e9es<\/strong><\/h2>\n\n\n\n<h4 class=\"wp-block-heading has-text-align-center has-h-4-font-size\">UTILIS\u00c9 AVEC SUCC\u00c8S DANS LE MONDE ENTIER<\/h4>\n<\/div><\/div>\n<\/div>\n\n\n\n<div class=\"wp-block-column w-full is-layout-flow wp-block-column-is-layout-flow\">\n<div class=\"wp-block-group p-4\"><div class=\"wp-block-group__inner-container is-layout-flow wp-block-group-is-layout-flow\">\n<h2 class=\"wp-block-heading has-text-align-center mb-2 has-sea-700-color has-text-color has-h-2-font-size\"><strong>6 mois<\/strong><\/h2>\n\n\n\n<h4 class=\"wp-block-heading has-text-align-center has-h-4-font-size\">POUR OBTENIR DES R\u00c9SULTATS DANS BEAUCOUP DE CAS<\/h4>\n<\/div><\/div>\n<\/div>\n<\/div>\n<\/div><\/div>\n<\/div><\/div>\n\n\n\n<div class=\"wp-block-group alignwide max-w-5xl px-8 lg:px-0 pt-24 relative overflow-hidden\"><div class=\"wp-block-group__inner-container is-layout-flow wp-block-group-is-layout-flow\">\n<div class=\"wp-block-columns items-start lg:items-center flex flex-col md:grid lg:mx-10 xl:mx-0 is-layout-flex wp-container-core-columns-is-layout-9d6595d7 wp-block-columns-is-layout-flex\">\n<div class=\"wp-block-column order-1 md:pr-8 lg:pr-12 mx-auto md:mx-0 pb-8 is-layout-flow wp-block-column-is-layout-flow\"><figcaption class=\"bg-sea-500 py-8 mr-8 inline-block wp-block-image-frame\">\n    <div class=\"transform translate-x-8\">\n        <img decoding=\"async\" src=\"https:\/\/lakedentaire.com\/wp-content\/uploads\/2021\/10\/IMG_1931-copy-scaled.jpg\" alt=\"\" \/>\n    <\/div>\n<\/figcaption>\n \n<\/div>\n\n\n\n<div class=\"wp-block-column order-2 is-layout-flow wp-block-column-is-layout-flow\">\n<h4 class=\"wp-block-heading mb-5 has-h-4-font-size\"><strong><strong>LAKE DENTAIRE EST VOTRE DESTINATION DE CHOIX DANS L&#8217;OUEST DE L&#8217;\u00ceLE DE MONTR\u00c9AL POUR B\u00c9N\u00c9FICIER D&#8217;INVISALIGN\u00ae<\/strong><\/strong><\/h4>\n\n\n\n<p class=\"has-base-font-size\">Nous avons utilis\u00e9 Invisalign pour traiter des cas simples ou complexes chez les adultes et les adolescents et nous sommes un fournisseur certifi\u00e9 Silver Invisalign.<br><br>Le Dr Jason Schneidman a suivi des centaines d&#8217;heures de formation continue en plus de sa formation \u00e0 l&#8217;Universit\u00e9 McGill, notamment l&#8217;<em>Invisalign Summit for General Practitioners<\/em>, le <em>Greater New York Dental Meeting<\/em>, <em>Align Education GP Accelerator<\/em>, <em>Invisalign Pro<\/em> et le <em>Montreal Dental Club<\/em>. Le Dr Schneidman a fait d&#8217;Invisalign une priorit\u00e9 dans sa pratique au cours des dix derni\u00e8res ann\u00e9es.<\/p>\n<\/div>\n<\/div>\n<\/div><\/div>\n\n\n\n<div class=\"wp-block-group alignwide max-w-5xl px-8 lg:px-0 pt-10 relative overflow-hidden\"><div class=\"wp-block-group__inner-container is-layout-flow wp-block-group-is-layout-flow\">\n<div class=\"wp-block-columns items-start md:items-center flex flex-col md:grid lg:mx-10 xl:mx-0 is-layout-flex wp-container-core-columns-is-layout-9d6595d7 wp-block-columns-is-layout-flex\">\n<div class=\"wp-block-column order-1 md:order-2 md:pl-8 lg:pl-12 mx-auto md:mx-0 pb-8 is-layout-flow wp-block-column-is-layout-flow\"><figcaption class=\"bg-sea-500 py-8 mr-8 inline-block wp-block-image-frame\">\n    <div class=\"transform translate-x-8\">\n        <img decoding=\"async\" src=\"https:\/\/lakedentaire.com\/wp-content\/uploads\/2021\/07\/invisalign-4.png\" alt=\"\" \/>\n    <\/div>\n<\/figcaption>\n \n<\/div>\n\n\n\n<div class=\"wp-block-column order-2 md:order-1 is-layout-flow wp-block-column-is-layout-flow\">\n<h4 class=\"wp-block-heading mb-5 has-h-4-font-size\"><strong><strong>QU&#8217;EST-CE QU&#8217;INVISALIGN ?<\/strong><\/strong><\/h4>\n\n\n\n<p class=\"has-base-font-size\">Invisalign\u00ae est une alternative aux appareils dentaires classiques qui permet de redresser vos dents gr\u00e2ce \u00e0 une s\u00e9rie de goutti\u00e8res transparentes personnalis\u00e9es. Au cours des 25 derni\u00e8res ann\u00e9es, Invisalign a \u00e9t\u00e9 utilis\u00e9 avec succ\u00e8s dans le monde entier.<\/p>\n<\/div>\n<\/div>\n<\/div><\/div>\n\n\n\n<div class=\"wp-block-group alignfull bg-gradient-to-b from-white to-blush-200 relative overflow-hidden py-10 md:pt-20 md:pb-16\"><div class=\"wp-block-group__inner-container is-layout-flow wp-block-group-is-layout-flow\">\n<div class=\"wp-block-group alignwide max-w-5xl px-8 lg:max-w-6xl lg:px-16\"><div class=\"wp-block-group__inner-container is-layout-flow wp-block-group-is-layout-flow\">\n<h2 class=\"wp-block-heading has-h-2-font-size\">En quoi Invisalign est-il diff\u00e9rent d&#8217;un appareil dentaire?<\/h2>\n\n\n\n<div class=\"wp-block-columns pt-14 gap-2 md:gap-8 is-layout-flex wp-container-core-columns-is-layout-9d6595d7 wp-block-columns-is-layout-flex\">\n<div class=\"wp-block-column is-layout-flow wp-block-column-is-layout-flow\">\n<h2 class=\"wp-block-heading mb-5 has-h-4-font-size\"><strong><strong>CONFORTABLE<\/strong><\/strong><\/h2>\n\n\n\n<p>Plus confortable, il applique une douce pression sans avoir besoin de m\u00e9tal ou de fils.<\/p>\n<\/div>\n\n\n\n<div class=\"wp-block-column is-layout-flow wp-block-column-is-layout-flow\">\n<h4 class=\"wp-block-heading mb-5 has-h-4-font-size\"><strong><strong>PRESQUE INVISIBLE<\/strong><\/strong><\/h4>\n\n\n\n<p>Discret et ajust\u00e9 parfaitement autour de vos dents.<\/p>\n<\/div>\n\n\n\n<div class=\"wp-block-column is-layout-flow wp-block-column-is-layout-flow\">\n<h4 class=\"wp-block-heading mb-5 has-h-4-font-size\"><strong><strong>PEUT \u00caTRE RETIR\u00c9 POUR VOTRE CONFORT<\/strong><\/strong><\/h4>\n\n\n\n<p>Pour un repas, un \u00e9v\u00e9nement ou tout autre moment o\u00f9 vous en avez besoin.<\/p>\n<\/div>\n<\/div>\n\n\n\n<div class=\"wp-block-columns gap-2 md:gap-8 is-layout-flex wp-container-core-columns-is-layout-9d6595d7 wp-block-columns-is-layout-flex\">\n<div class=\"wp-block-column is-layout-flow wp-block-column-is-layout-flow\">\n<h2 class=\"wp-block-heading mb-5 has-h-4-font-size\"><strong><strong>R\u00c9SULTATS PR\u00c9VISIBLES<\/strong><\/strong><\/h2>\n\n\n\n<p>Utilise un algorithme bas\u00e9 sur les donn\u00e9es de 9 millions de corrections de sourire pour calculer la force ad\u00e9quate pour chaque mouvement de dent.<\/p>\n<\/div>\n\n\n\n<div class=\"wp-block-column is-layout-flow wp-block-column-is-layout-flow\">\n<h4 class=\"wp-block-heading mb-5 has-h-4-font-size\"><strong><strong>AUCUN TRAVAIL INUTILE<\/strong><\/strong><\/h4>\n\n\n\n<p>Votre dentiste utilise le logiciel <em>Invisalign ClinCheck<\/em>\u00ae pour s&#8217;assurer que chaque dent se d\u00e9place dans le bon ordre et au bon moment. Nous tra\u00e7ons essentiellement le chemin vers votre tout nouveau sourire !<\/p>\n<\/div>\n\n\n\n<div class=\"wp-block-column is-layout-flow wp-block-column-is-layout-flow\">\n<h4 class=\"wp-block-heading mb-5 has-h-4-font-size\"><strong><strong>VISUALISEZ VOTRE NOUVEAU SOURIRE<\/strong><\/strong><\/h4>\n\n\n\n<p>Gr\u00e2ce au scanner <em>iTero Element<\/em>\u00ae, nous pouvons cr\u00e9er une image 3D de vos dents en quelques minutes et vous pouvez avoir un aper\u00e7u de votre tout nouveau sourire avant m\u00eame de commencer !<\/p>\n<\/div>\n<\/div>\n\n\n\n<div class=\"wp-block-columns gap-2 md:gap-8 is-layout-flex wp-container-core-columns-is-layout-9d6595d7 wp-block-columns-is-layout-flex\">\n<div class=\"wp-block-column is-layout-flow wp-block-column-is-layout-flow\">\n<h2 class=\"wp-block-heading mb-5 has-h-4-font-size\"><strong><strong>OBTENIR DES R\u00c9SULTATS RAPIDEMENT<\/strong><\/strong><\/h2>\n\n\n\n<p>En 6 mois seulement, et avec moins de visites.<\/p>\n<\/div>\n\n\n\n<div class=\"wp-block-column is-layout-flow wp-block-column-is-layout-flow\"><\/div>\n\n\n\n<div class=\"wp-block-column is-layout-flow wp-block-column-is-layout-flow\"><\/div>\n<\/div>\n<\/div><\/div>\n<\/div><\/div>\n\n\n\n<div class=\"wp-block-group alignfull bg-gradient-to-b from-white to-earth-300 relative overflow-hidden\"><div class=\"wp-block-group__inner-container is-layout-flow wp-block-group-is-layout-flow\">\n<div class=\"wp-block-columns alignfull flex py-24 is-layout-flex wp-container-core-columns-is-layout-9d6595d7 wp-block-columns-is-layout-flex\">\n<div class=\"wp-block-column bg-dots flex-none w-0 lg:w-1\/4 is-layout-flow wp-block-column-is-layout-flow\"><\/div>\n\n\n\n<div class=\"wp-block-column w-full lg:w-1\/2 mx-auto px-8 md:px-12 is-layout-flow wp-block-column-is-layout-flow\">\n<div class=\"wp-block-group alignwide border-4 border-sea-500 p-4 md:p-12 bg-white\"><div class=\"wp-block-group__inner-container is-layout-flow wp-block-group-is-layout-flow\">\n<h2 class=\"wp-block-heading flex gap-4 items-center has-h-2-font-size\"><img loading=\"lazy\" decoding=\"async\" width=\"61\" height=\"77\" class=\"wp-image-1306\" style=\"width: 61px; margin-right: 10px;\" src=\"https:\/\/lakedentaire.com\/wp-content\/uploads\/2021\/06\/Tooth_Shield-1.png\" alt=\"\"><span style=\"background-color: rgba(255, 255, 255, var(--tw-bg-opacity)); font-family: Inter, ui-sans-serif, system-ui, -apple-system, BlinkMacSystemFont, &quot;Segoe UI&quot;, Roboto, &quot;Helvetica Neue&quot;, Arial, &quot;Noto Sans&quot;, sans-serif, &quot;Apple Color Emoji&quot;, &quot;Segoe UI Emoji&quot;, &quot;Segoe UI Symbol&quot;, &quot;Noto Color Emoji&quot;;\">Notre forfait Invisalign<\/span><\/h2>\n\n\n\n<ul class=\"wp-block-list check-list\">\n<li><strong>Examen orthodontiste complet et dossiers <\/strong>&#8211; incluant des photos, une radiographie panoramique, des scans avec le scanner iTero, un plan de traitement et une simulation 3D ClinCheck\u00ae<span class=\"float-right text-sea-700\">550 $<\/span><\/li>\n\n\n\n<li><strong>Radiographie c\u00e9phalique <\/strong><span class=\"float-right text-sea-700 text-right\">100 $<\/span><\/li>\n\n\n\n<li><strong>Traitement Invisalign complet <\/strong>&#8211; un nombre illimit\u00e9 de goutti\u00e8res<span class=\"float-right text-sea-700\"> 9 800 $<\/span><\/li>\n\n\n\n<li><strong>Appareils de r\u00e9tention transparents Invisalign<\/strong> &#8211; sup\u00e9rieur et inf\u00e9rieur avec frais de laboratoire<span class=\"float-right text-sea-700\">950 $<\/span><\/li>\n<\/ul>\n\n\n\n<p class=\"price-total\"><strong>Valeur totale<\/strong><span class=\"float-right text-sea-700\"><strong>11 400 $<\/strong><\/span><\/p>\n\n\n\n<p class=\"price-special heading has-h-4-font-size\">Prix sp\u00e9cial <span class=\"float-right text-sea-700\"><strong>8 000 $<\/strong><\/span><\/p>\n\n\n\n<p class=\"has-text-align-center price-save heading has-h-4-font-size\">Vous \u00e9conomisez 3 400$ !<\/p>\n\n\n\n<a href=\"#\" class=\"btn bg-blush-800 has-blush-800-color has-text-color no-border-radius text-white text-center block price-btn mb-10 h4 mx-auto uppercase\" onclick=\"initFlexBook('https:\/\/flexbook.me\/lake')\">R\u00e9servez une consultation<\/a>\n\n\n\n<p class=\"has-text-align-center price-offer\">Seulement 10 places disponibles. L&#8217;offre prend fin le 30 juin 2026<\/p>\n<\/div><\/div>\n<\/div>\n\n\n\n<div class=\"wp-block-column bg-dots flex-none hidden md:block lg:w-1\/4 is-layout-flow wp-block-column-is-layout-flow\"><\/div>\n<\/div>\n\n\n\n<h2 class=\"wp-block-heading has-text-align-center has-h-2-font-size\">Options de financement imbattables<\/h2>\n\n\n\n<div class=\"wp-block-columns alignwide max-w-4xl my-12 gap-8 is-layout-flex wp-container-core-columns-is-layout-9d6595d7 wp-block-columns-is-layout-flex\">\n<div class=\"wp-block-column is-layout-flow wp-block-column-is-layout-flow\">\n<div class=\"wp-block-group border-4 border-earth-400 bg-white py-6 px-12\"><div class=\"wp-block-group__inner-container is-layout-flow wp-block-group-is-layout-flow\">\n<h2 class=\"wp-block-heading has-text-align-center has-tiny-font-size\">Option 1<\/h2>\n\n\n\n<h2 class=\"wp-block-heading has-text-align-center has-h-2-font-size\">Z\u00e9ro int\u00e9r\u00eat<\/h2>\n\n\n\n<ul class=\"wp-block-list check-list\">\n<li><strong>0% <strong><strong>int\u00e9r\u00eat<\/strong><\/strong><\/strong><\/li>\n\n\n\n<li>3 500 $ d\u2019acompte<\/li>\n\n\n\n<li>jusqu\u2019\u00e0 18 mois<\/li>\n<\/ul>\n\n\n\n<div class=\"wp-block-columns flex justify-between my-8 is-layout-flex wp-container-core-columns-is-layout-9d6595d7 wp-block-columns-is-layout-flex\">\n<div class=\"wp-block-column is-layout-flow wp-block-column-is-layout-flow\">\n<p>\u00e0 partir de <\/p>\n<\/div>\n\n\n\n<div class=\"wp-block-column is-layout-flow wp-block-column-is-layout-flow\">\n<p class=\"has-text-align-right has-h-3-font-size\">58.14 $<sub>\/sem<\/sub><\/p>\n<\/div>\n<\/div>\n<\/div><\/div>\n<\/div>\n\n\n\n<div class=\"wp-block-column is-layout-flow wp-block-column-is-layout-flow\">\n<div class=\"wp-block-group border-4 border-earth-400 bg-white py-6 px-12\"><div class=\"wp-block-group__inner-container is-layout-flow wp-block-group-is-layout-flow\">\n<h2 class=\"wp-block-heading has-text-align-center has-tiny-font-size\">Option 2<\/h2>\n\n\n\n<h2 class=\"wp-block-heading has-text-align-center has-h-2-font-size\">Z\u00e9ro acompte<\/h2>\n\n\n\n<ul class=\"wp-block-list check-list\">\n<li><strong>$0 <strong><strong>d\u2019acompte<\/strong><\/strong><\/strong><\/li>\n\n\n\n<li> \u00e0 partir de 9% int\u00e9r\u00eat<\/li>\n\n\n\n<li>jusqu\u2019\u00e0 70 mois<\/li>\n<\/ul>\n\n\n\n<div class=\"wp-block-columns flex justify-between my-8 is-layout-flex wp-container-core-columns-is-layout-9d6595d7 wp-block-columns-is-layout-flex\">\n<div class=\"wp-block-column is-layout-flow wp-block-column-is-layout-flow\">\n<p>\u00e0 partir de <\/p>\n<\/div>\n\n\n\n<div class=\"wp-block-column is-layout-flow wp-block-column-is-layout-flow\">\n<p class=\"has-text-align-right has-h-3-font-size\">37.38 $<sub>\/sem<\/sub><\/p>\n<\/div>\n<\/div>\n<\/div><\/div>\n<\/div>\n<\/div>\n\n\n\n<div class=\"wp-block-group alignwide max-w-4xl relative flex flex-col items-center text-center mb-20\"><div class=\"wp-block-group__inner-container is-layout-flow wp-block-group-is-layout-flow\">\n<a href=\"#\" class=\"btn h4 bg-sea-700 text-sea-700 text-center mb-4\" onclick=\"initFlexBook('https:\/\/flexbook.me\/lake')\">R\u00e9server<\/a>\n<\/div><\/div>\n\n\n\n<p><\/p>\n<\/div><\/div>\n\n\n\n<p><\/p>\n\n\n\n<div class=\"wp-block-group alignfull my-14 md:my-24\"><div class=\"wp-block-group__inner-container is-layout-flow wp-block-group-is-layout-flow\">\n<h2 class=\"wp-block-heading has-text-align-center mb-12 has-h-2-font-size\">R\u00e9sultats pr\u00e9visibles<\/h2>\n\n\n<div class=\"text-center\">\n  <div data-slick='{\"dots\":true,\"centerMode\":true,\"centerPadding\":\"5px\",\"slidesToShow\":1,\"responsive\":[{\"breakpoint\":1280,\"settings\":{\"arrows\":true,\"centerMode\":true,\"centerPadding\":\"40px\",\"slidesToShow\":1}},{\"breakpoint\":768,\"settings\":{\"arrows\":false,\"centerMode\":true,\"centerPadding\":\"25px\",\"slidesToShow\":1}},{\"breakpoint\":480,\"settings\":{\"arrows\":false,\"centerMode\":true,\"centerPadding\":\"25px\",\"slidesToShow\":1}}]}' class=\"wp-block-carousel alignfull\">\n        \n    <div class=\"carousel-slide relative h-100 md:h-half md:p-4 bg-white border-8 border-white\">\n            <img decoding=\"async\" src=\"https:\/\/lakedentaire.com\/wp-content\/uploads\/2022\/06\/Before_After-2-1.jpg\" class=\"object-cover w-full h-full\"\/>\n                <\/div>\n        \n    <div class=\"carousel-slide relative h-100 md:h-half md:p-4 bg-white border-8 border-white\">\n            <img decoding=\"async\" src=\"https:\/\/lakedentaire.com\/wp-content\/uploads\/2022\/06\/Before_After-1.jpg\" class=\"object-cover w-full h-full\"\/>\n                <\/div>\n        \n    <div class=\"carousel-slide relative h-100 md:h-half md:p-4 bg-white border-8 border-white\">\n            <img decoding=\"async\" src=\"https:\/\/lakedentaire.com\/wp-content\/uploads\/2022\/06\/Before_After-2.jpg\" class=\"object-cover w-full h-full\"\/>\n                <\/div>\n        \n    <div class=\"carousel-slide relative h-100 md:h-half md:p-4 bg-white border-8 border-white\">\n            <img decoding=\"async\" src=\"https:\/\/lakedentaire.com\/wp-content\/uploads\/2022\/06\/Before_After-3.jpg\" class=\"object-cover w-full h-full\"\/>\n                <\/div>\n        \n    <div class=\"carousel-slide relative h-100 md:h-half md:p-4 bg-white border-8 border-white\">\n            <img decoding=\"async\" src=\"https:\/\/lakedentaire.com\/wp-content\/uploads\/2022\/09\/Before_After-2.jpg\" class=\"object-cover w-full h-full\"\/>\n                <\/div>\n        \n    <div class=\"carousel-slide relative h-100 md:h-half md:p-4 bg-white border-8 border-white\">\n            <img decoding=\"async\" src=\"https:\/\/lakedentaire.com\/wp-content\/uploads\/2022\/11\/Before_After-2.jpg\" class=\"object-cover w-full h-full\"\/>\n                <\/div>\n        \n    <div class=\"carousel-slide relative h-100 md:h-half md:p-4 bg-white border-8 border-white\">\n            <img decoding=\"async\" src=\"https:\/\/lakedentaire.com\/wp-content\/uploads\/2024\/08\/Before_After-2.jpg\" class=\"object-cover w-full h-full\"\/>\n                <\/div>\n        \n    <div class=\"carousel-slide relative h-100 md:h-half md:p-4 bg-white border-8 border-white\">\n            <img decoding=\"async\" src=\"https:\/\/lakedentaire.com\/wp-content\/uploads\/2024\/08\/Before_After-2-1.jpg\" class=\"object-cover w-full h-full\"\/>\n                <\/div>\n      <\/div>\n<\/div>\n<\/div><\/div>\n","protected":false},"excerpt":{"rendered":"<p>Nous avons rendu la r\u00e9servation en ligne vraiment facile ! Elles sont plus confortables, presque invisibles et peuvent \u00eatre retir\u00e9es pour votre confort. 16 million SOURIRES CORRIG\u00c9S 25 ann\u00e9es UTILIS\u00c9 AVEC SUCC\u00c8S DANS LE MONDE ENTIER 6 mois POUR OBTENIR DES R\u00c9SULTATS DANS BEAUCOUP DE CAS LAKE DENTAIRE EST VOTRE DESTINATION DE CHOIX DANS L&#8217;OUEST &hellip; <a href=\"https:\/\/lakedentaire.com\/fr\/invisalign\/\">Continued<\/a><\/p>\n","protected":false},"author":2,"featured_media":209,"parent":0,"menu_order":0,"comment_status":"closed","ping_status":"closed","template":"template-landing.blade.php","meta":{"_acf_changed":false,"_monsterinsights_skip_tracking":false,"_monsterinsights_sitenote_active":false,"_monsterinsights_sitenote_note":"","_monsterinsights_sitenote_category":0,"footnotes":""},"class_list":["post-1629","page","type-page","status-publish","has-post-thumbnail","hentry"],"acf":[],"_links":{"self":[{"href":"https:\/\/lakedentaire.com\/fr\/wp-json\/wp\/v2\/pages\/1629","targetHints":{"allow":["GET"]}}],"collection":[{"href":"https:\/\/lakedentaire.com\/fr\/wp-json\/wp\/v2\/pages"}],"about":[{"href":"https:\/\/lakedentaire.com\/fr\/wp-json\/wp\/v2\/types\/page"}],"author":[{"embeddable":true,"href":"https:\/\/lakedentaire.com\/fr\/wp-json\/wp\/v2\/users\/2"}],"replies":[{"embeddable":true,"href":"https:\/\/lakedentaire.com\/fr\/wp-json\/wp\/v2\/comments?post=1629"}],"version-history":[{"count":174,"href":"https:\/\/lakedentaire.com\/fr\/wp-json\/wp\/v2\/pages\/1629\/revisions"}],"predecessor-version":[{"id":5949,"href":"https:\/\/lakedentaire.com\/fr\/wp-json\/wp\/v2\/pages\/1629\/revisions\/5949"}],"wp:featuredmedia":[{"embeddable":true,"href":"https:\/\/lakedentaire.com\/fr\/wp-json\/wp\/v2\/media\/209"}],"wp:attachment":[{"href":"https:\/\/lakedentaire.com\/fr\/wp-json\/wp\/v2\/media?parent=1629"}],"curies":[{"name":"wp","href":"https:\/\/api.w.org\/{rel}","templated":true}]}}