{"id":2185,"date":"2021-06-08T06:56:11","date_gmt":"2021-06-08T06:56:11","guid":{"rendered":"http:\/\/lakedentaire.com\/about-us\/"},"modified":"2026-03-19T19:08:11","modified_gmt":"2026-03-19T19:08:11","slug":"a-propos","status":"publish","type":"page","link":"https:\/\/lakedentaire.com\/fr\/a-propos\/","title":{"rendered":"\u00c0 propos"},"content":{"rendered":"\n<div class=\"wp-block-cover alignfull\" style=\"min-height:45vh;aspect-ratio:unset;\"><img loading=\"lazy\" decoding=\"async\" width=\"2560\" height=\"2560\" class=\"wp-block-cover__image-background wp-image-5510\" alt=\"\" src=\"https:\/\/lakedentaire.com\/wp-content\/uploads\/2025\/02\/IMG_9517-scaled.jpg\" style=\"object-position:50% 67%\" data-object-fit=\"cover\" data-object-position=\"50% 67%\" srcset=\"https:\/\/lakedentaire.com\/wp-content\/uploads\/2025\/02\/IMG_9517-scaled.jpg 2560w, https:\/\/lakedentaire.com\/wp-content\/uploads\/2025\/02\/IMG_9517-300x300.jpg 300w, https:\/\/lakedentaire.com\/wp-content\/uploads\/2025\/02\/IMG_9517-1024x1024.jpg 1024w, https:\/\/lakedentaire.com\/wp-content\/uploads\/2025\/02\/IMG_9517-150x150.jpg 150w, https:\/\/lakedentaire.com\/wp-content\/uploads\/2025\/02\/IMG_9517-768x768.jpg 768w, https:\/\/lakedentaire.com\/wp-content\/uploads\/2025\/02\/IMG_9517-1536x1536.jpg 1536w, https:\/\/lakedentaire.com\/wp-content\/uploads\/2025\/02\/IMG_9517-2048x2048.jpg 2048w\" sizes=\"auto, (max-width: 2560px) 100vw, 2560px\" \/><span aria-hidden=\"true\" class=\"wp-block-cover__background has-background-dim-20 has-background-dim wp-block-cover__gradient-background has-background-gradient\" style=\"background:linear-gradient(0deg,rgba(0,0,0,0.16) 0%,rgba(0,0,0,0.16) 100%)\"><\/span><div class=\"wp-block-cover__inner-container is-layout-flow wp-block-cover-is-layout-flow\">\n<p class=\"has-text-align-center has-h-1-font-size\">\u00c0 propos de nous<\/p>\n<\/div><\/div>\n\n\n\n<div class=\"wp-block-group alignwide max-w-5xl px-8 lg:px-0 pt-20\" id=\"meet-us\"><div class=\"wp-block-group__inner-container is-layout-flow wp-block-group-is-layout-flow\">\n<div class=\"wp-block-columns items-center flex flex-col md:flex-row md:grid lg:mx-10 xl:mx-0 is-layout-flex wp-container-core-columns-is-layout-9d6595d7 wp-block-columns-is-layout-flex\">\n<div class=\"wp-block-column order-1 pr-8 md:pr-12 mx-auto md:mx-0 pb-8 md:pb-0 is-layout-flow wp-block-column-is-layout-flow\"><figcaption class=\"bg-sea-500 py-8 mr-8 inline-block wp-block-image-frame\">\n    <div class=\"transform translate-x-8\">\n        <img decoding=\"async\" src=\"https:\/\/lakedentaire.com\/wp-content\/uploads\/2021\/08\/IMG_1737-copy-1-scaled-e1633624280377.jpg\" alt=\"\" \/>\n    <\/div>\n<\/figcaption>\n \n<\/div>\n\n\n\n<div class=\"wp-block-column order-2 is-layout-flow wp-block-column-is-layout-flow\">\n<h2 class=\"wp-block-heading has-h-1-font-size\">Dr. Jason Schneidman<\/h2>\n\n\n\n<p class=\"has-h-4-font-size\">DENTISTE \/ FONDATEUR<\/p>\n\n\n\n<ul style=\"color:#9b9b9b\" class=\"wp-block-list has-text-color\">\n<li><strong>Mon r\u00f4le \u00e0 Lake Dentaire :<\/strong> Je suis le co-fondateur de Lake Dentaire! Ma femme, Nazanin, et moi nous sommes rencontr\u00e9s \u00e0 McGill lorsque nous \u00e9tudions la medecine dentaire. Au cours des ann\u00e9es, nous avons souvent parl\u00e9 d&#8217;ouvrir notre propre clinique ensemble et nous avons travaill\u00e9 fort pour faire de ce r\u00eave une r\u00e9alit\u00e9. Nous avons ouvert Lake Dentaire en f\u00e9vrier 2019 avec le but de changer la fa\u00e7on dont les patients per\u00e7oivent la dentisterie. Nous avons cr\u00e9\u00e9 un environnement calme et amusant pour tous les membres de la famille ! Je suis le clinicien principal dans notre pratique et j&#8217;aime vraiment rencontrer et aider diff\u00e9rentes personnes de notre communaut\u00e9!<\/li>\n\n\n\n<li><strong>Je parle : <\/strong>Anglais et fran\u00e7ais!<\/li>\n\n\n\n<li><strong>D&#8217;o\u00f9 suis-je : <\/strong>Je suis n\u00e9 et j&#8217;ai grandi \u00e0 Montr\u00e9al-Ouest! Nazanin m&#8217;a convaincu de d\u00e9m\u00e9nager dans l&#8217;Ouest-de-l&#8217;\u00cele et nous avons v\u00e9cu \u00e0 Dollard-des-Ormeaux pendant environ 3 ans mais nous avons r\u00e9cemment d\u00e9m\u00e9nag\u00e9 \u00e0 Kirkland!<\/li>\n\n\n\n<li><strong>Formation :<\/strong> Acad\u00e9mie Royal West 2007, Coll\u00e8ge Dawson 2009, Facult\u00e9 de m\u00e9decine dentaire de l&#8217;Universit\u00e9 McGill 2014, R\u00e9sidence en m\u00e9decine dentaire g\u00e9n\u00e9rale Jacobi Medical Center 2015<\/li>\n\n\n\n<li><strong>Ce que j&#8217;aime faire pendant mon temps libre : <\/strong>Je suis passionn\u00e9 par la cuisine et j&#8217;adore d\u00e9couvrir de nouveaux restaurants. Je peux facilement passer des heures \u00e0 regarder des vid\u00e9os de cuisine sur YouTube. Je suis aussi tr\u00e8s int\u00e9ress\u00e9 par les sports et je passe beaucoup de temps \u00e0 g\u00e9rer chaque d\u00e9tail de mes \u00e9quipes de Fantasy Sports. Rester actif est important pour moi, donc j&#8217;aime faire du sport et pratiquer le jiu-jitsu br\u00e9silien. Un autre de mes passe-temps est le jardinage; j&#8217;appr\u00e9cie de voir mes herbes et l\u00e9gumes pousser, m\u00eame si les \u00e9cureuils les d\u00e9vorent souvent en \u00e9t\u00e9 !<\/li>\n<\/ul>\n<\/div>\n<\/div>\n\n\n\n<div class=\"wp-block-columns items-center flex flex-col md:flex-row md:grid py-20 lg:mx-10 xl:mx-0 is-layout-flex wp-container-core-columns-is-layout-9d6595d7 wp-block-columns-is-layout-flex\">\n<div class=\"wp-block-column order-2 md:order-1 is-layout-flow wp-block-column-is-layout-flow\">\n<h2 class=\"wp-block-heading has-earth-800-color has-text-color has-h-1-font-size\">Dre Nazanin Hojjati<\/h2>\n\n\n\n<p class=\"has-h-4-font-size\">DENTISTE \/ FONDATRICE \/ GESTIONNAIRE<\/p>\n\n\n\n<ul style=\"color:#9b9b9b\" class=\"wp-block-list has-text-color\">\n<li><strong>Mon r\u00f4le \u00e0 Lake Dentaire :<\/strong> Je suis la co-fondatrice de Lake Dentaire! Jason et moi avons travaill\u00e9 fort au cours des derni\u00e8res ann\u00e9es pour \u00e9tablir cette clinique dentaire et ce fut un vrai plaisir et honneur d&#8217;avoir le soutien et la confiance de tant de personnes dans notre communaut\u00e9! Je me concentre principalement sur la gestion de notre pratique. Je supervise notre \u00e9quipe, je m&#8217;occupe du marketing et m&#8217;assure que notre pratique est aussi incroyable que possible!<\/li>\n\n\n\n<li><strong>Je parle : <\/strong>Anglais, fran\u00e7ais, farsi et un peu d&#8217;espagnol!<\/li>\n\n\n\n<li><strong>D&#8217;o\u00f9 suis-je : <\/strong>Je suis n\u00e9e \u00e0 Montr\u00e9al mais j&#8217;ai v\u00e9cu partout dans le monde. Je suis heureuse de dire que j&#8217;ai v\u00e9cu \u00e0 Dollard-des-Ormeaux depuis mon adolescence et que j&#8217;habite maintenant \u00e0 Kirkland. Je me consid\u00e8re comme un vrai \u201cWest Islander\u201d!<\/li>\n\n\n\n<li><strong>Formation :<\/strong> \u00c9cole Secondaire F\u00e9lix-Leclerc 2008, Coll\u00e8ge John Abbott 2010, Facult\u00e9 de m\u00e9decine dentaire de l&#8217;Universit\u00e9 McGill 2015, R\u00e9sidence en m\u00e9decine g\u00e9n\u00e9rale de l&#8217;Universit\u00e9 McGill 2016<\/li>\n\n\n\n<li><strong>Ce que j&#8217;aime faire pendant mon temps libre : <\/strong>Ma famille est tr\u00e8s importante pour moi, et je tiens beaucoup \u00e0 passer du temps de qualit\u00e9 avec eux ! Je suis \u00e9galement passionn\u00e9 par la lecture et l&#8217;apprentissage de nouvelles langues\u2014en ce moment, je prends des cours de mandarin et j&#8217;appr\u00e9cie vraiment \u00e7a. J&#8217;adore essayer de nouveaux restaurants et sortir manger ! Jason et moi partageons une passion pour les voyages, et nous sommes toujours enthousiastes \u00e0 l&#8217;id\u00e9e de d\u00e9couvrir ensemble de nouveaux pays et cultures !<\/li>\n<\/ul>\n<\/div>\n\n\n\n<div class=\"wp-block-column order-1 md:order-2 pl-0 md:pl-12 mx-auto md:mx-0 pb-8 md:pb-0 is-layout-flow wp-block-column-is-layout-flow\"><figcaption class=\"bg-sea-500 py-8 mr-8 inline-block wp-block-image-frame\">\n    <div class=\"transform translate-x-8\">\n        <img decoding=\"async\" src=\"https:\/\/lakedentaire.com\/wp-content\/uploads\/2021\/08\/IMG_1770-copy-1-scaled-e1633624306621.jpg\" alt=\"\" \/>\n    <\/div>\n<\/figcaption>\n \n<\/div>\n<\/div>\n\n\n\n<div class=\"wp-block-columns items-center flex flex-col md:flex-row md:grid lg:mx-10 xl:mx-0 is-layout-flex wp-container-core-columns-is-layout-9d6595d7 wp-block-columns-is-layout-flex\">\n<div class=\"wp-block-column order-1 pr-8 md:pr-12 mx-auto md:mx-0 pb-8 md:pb-0 is-layout-flow wp-block-column-is-layout-flow\"><figcaption class=\"bg-sea-500 py-8 mr-8 inline-block wp-block-image-frame\">\n    <div class=\"transform translate-x-8\">\n        <img decoding=\"async\" src=\"https:\/\/lakedentaire.com\/wp-content\/uploads\/2021\/08\/IMG_1715-copy-1-scaled-e1633624265868.jpg\" alt=\"\" \/>\n    <\/div>\n<\/figcaption>\n \n<\/div>\n\n\n\n<div class=\"wp-block-column order-2 is-layout-flow wp-block-column-is-layout-flow\">\n<h2 class=\"wp-block-heading has-h-1-font-size\">Rachel<\/h2>\n\n\n\n<p class=\"has-h-4-font-size\">HYGI\u00c9NISTE DENTAIRE<\/p>\n\n\n\n<ul style=\"color:#9b9b9b\" class=\"wp-block-list has-text-color\">\n<li><strong>Mon r\u00f4le \u00e0 Lake Dentaire : <\/strong>Je suis hygi\u00e9niste dentaire \u00e0 Lake Dentaire ! Je fournis des traitements pr\u00e9ventifs \u00e0 mes patients tels que des nettoyages, des scellants, de la fluorure et bien plus encore. En dehors de cela, j&#8217;aime beaucoup prendre le temps de conna\u00eetre mes patients, cr\u00e9ant parfois un lien avec eux en m&#8217;enthousiasmant \u00e9norm\u00e9ment pour les films de Disney !<\/li>\n\n\n\n<li><strong>Je parle : <\/strong>Anglais et fran\u00e7ais. M\u00eame si je comprends le tagalog, je suis trop timide pour le parler !<\/li>\n\n\n\n<li><strong>D&#8217;o\u00f9 je viens : <\/strong>J&#8217;habite Dollard-des-Ormeaux depuis l&#8217;\u00e2ge de 1 an !<\/li>\n\n\n\n<li><strong>Ce que j&#8217;aime faire pendant mon temps libre : <\/strong>J&#8217;aime jouer aux jeux vid\u00e9o et sortir me promener avec mes chiens !<\/li>\n<\/ul>\n<\/div>\n<\/div>\n\n\n\n<div class=\"wp-block-columns items-center flex flex-col md:flex-row md:grid py-20 lg:mx-10 xl:mx-0 is-layout-flex wp-container-core-columns-is-layout-9d6595d7 wp-block-columns-is-layout-flex\">\n<div class=\"wp-block-column order-2 md:order-1 is-layout-flow wp-block-column-is-layout-flow\">\n<h2 class=\"wp-block-heading has-earth-800-color has-text-color has-h-1-font-size\">Yihua<\/h2>\n\n\n\n<p class=\"has-h-4-font-size\"><meta charset=\"utf-8\">ASSISTANTE DENTAIRE<\/p>\n\n\n\n<ul style=\"color:#9b9b9b\" class=\"wp-block-list has-text-color\">\n<li><strong>Mon r\u00f4le \u00e0 Lake Dentaire : <\/strong>Je suis assistante dentaire \u00e0 Lake Dentaire ! J&#8217;assiste le Dr Schneidman et m&#8217;assure du bon d\u00e9roulement des traitements. Je pr\u00e9pare les salles de soins pour nos patients et r\u00e9ponds \u00e0 toutes leurs questions sur leurs traitements et conditions dentaires. J&#8217;adore aider les patients pour qu&#8217;ils repartent avec un sourire !<\/li>\n\n\n\n<li><strong>Je parle : <\/strong>Anglais, fran\u00e7ais et mandarin<\/li>\n\n\n\n<li><strong>D&#8217;o\u00f9 je viens : <\/strong>J&#8217;ai grandi en Chine et j&#8217;ai d\u00e9m\u00e9nag\u00e9 au Canada en 2012. J&#8217;habite maintenant \u00e0 Dollard-des-Ormeaux et j&#8217;adore la communaut\u00e9 !<\/li>\n\n\n\n<li><strong>Ce que j&#8217;aime faire pendant mon temps libre : <\/strong>J&#8217;adore lire des romans, des mangas et regarder Netflix. Je suis aussi une gourmande et j&#8217;aime essayer de nouveaux restaurants. J&#8217;ai deux chats qui restent avec mes parents. Tous deux \u00e9taient des chats de rues que nous avons sauv\u00e9s et ramen\u00e9s \u00e0 la maison !<\/li>\n<\/ul>\n<\/div>\n\n\n\n<div class=\"wp-block-column order-1 md:order-2 pl-0 md:pl-12 mx-auto md:mx-0 pb-8 md:pb-0 is-layout-flow wp-block-column-is-layout-flow\"><figcaption class=\"bg-sea-500 py-8 mr-8 inline-block wp-block-image-frame\">\n    <div class=\"transform translate-x-8\">\n        <img decoding=\"async\" src=\"https:\/\/lakedentaire.com\/wp-content\/uploads\/2023\/03\/IMG_4610-scaled.jpg\" alt=\"\" \/>\n    <\/div>\n<\/figcaption>\n \n<\/div>\n<\/div>\n\n\n\n<div class=\"wp-block-columns items-center flex flex-col md:flex-row md:grid pb-20 lg:mx-10 xl:mx-0 is-layout-flex wp-container-core-columns-is-layout-9d6595d7 wp-block-columns-is-layout-flex\">\n<div class=\"wp-block-column order-1 pr-8 md:pr-12 mx-auto md:mx-0 pb-8 md:pb-0 is-layout-flow wp-block-column-is-layout-flow\"><figcaption class=\"bg-sea-500 py-8 mr-8 inline-block wp-block-image-frame\">\n    <div class=\"transform translate-x-8\">\n        <img decoding=\"async\" src=\"https:\/\/lakedentaire.com\/wp-content\/uploads\/2023\/03\/kelly-scaled.jpg\" alt=\"\" \/>\n    <\/div>\n<\/figcaption>\n \n<\/div>\n\n\n\n<div class=\"wp-block-column order-2 md:order-1 is-layout-flow wp-block-column-is-layout-flow\">\n<h2 class=\"wp-block-heading has-h-1-font-size\">Kelly<\/h2>\n\n\n\n<p class=\"has-h-4-font-size\">ASSISTANTE DENTAIRE<\/p>\n\n\n\n<ul style=\"color:#9b9b9b\" class=\"wp-block-list has-text-color\">\n<li><strong>Mon r\u00f4le \u00e0 Lake Dentaire : <\/strong>Je suis assistante dentaire \u00e0 Lake Dentaire ! J&#8217;aide notre \u00e9quipe clinique et je m&#8217;occupe aussi de la st\u00e9rilisation. Je suis \u00e9galement form\u00e9 pour g\u00e9rer la r\u00e9ception. Je suis ravi de faire partie de cette \u00e9quipe incroyable ! Ce que j&#8217;aime le plus dans mon travail, c&#8217;est de conna\u00eetre nos patients.rencontrer nos patients et leur faire sentir comme s\u2019ils font partie de notre famille Lake Dentaire !<\/li>\n\n\n\n<li><strong>Je parle : <\/strong>Anglais, fran\u00e7ais et un peu de tagalog.<\/li>\n\n\n\n<li><strong>D&#8217;o\u00f9 je viens : <\/strong>J&#8217;ai \u00e9t\u00e9 \u00e9lev\u00e9 \u00e0 Coolbrook jusqu&#8217;\u00e0 l&#8217;\u00e2ge de 4 ans, puis nous avons d\u00e9m\u00e9nag\u00e9 dans l\u2019Ouest de l&#8217;\u00cele et nous sommes rest\u00e9s depuis !<\/li>\n\n\n\n<li><strong>Ce que j&#8217;aime faire pendant mon temps libre : <\/strong>J&#8217;aime passer du temps avec mes amis et ma famille. Nous sommes une si grande famille ! Je suis heureuse que la plupart d&#8217;entre eux vivent \u00e0 Montr\u00e9al parce que ma famille est tr\u00e8s importante pour moi. Vous pouvez aussi me trouver \u00e0 la gym ! Je m&#8217;entra\u00eene environ 4 fois par semaine. Cependant, je passe la plupart de mon temps avec mon petit chien, Spock. Je l&#8217;emm\u00e8ne presque partout avec moi. Nous partons pour toutes sortes d&#8217;aventures !<\/li>\n<\/ul>\n<\/div>\n<\/div>\n<\/div><\/div>\n","protected":false},"excerpt":{"rendered":"<p>Dr. Jason Schneidman DENTISTE \/ FONDATEUR Dre Nazanin Hojjati DENTISTE \/ FONDATRICE \/ GESTIONNAIRE Rachel HYGI\u00c9NISTE DENTAIRE Yihua ASSISTANTE DENTAIRE Kelly ASSISTANTE DENTAIRE<\/p>\n","protected":false},"author":2,"featured_media":4284,"parent":0,"menu_order":0,"comment_status":"closed","ping_status":"closed","template":"","meta":{"_acf_changed":false,"_monsterinsights_skip_tracking":false,"_monsterinsights_sitenote_active":false,"_monsterinsights_sitenote_note":"","_monsterinsights_sitenote_category":0,"footnotes":""},"class_list":["post-2185","page","type-page","status-publish","has-post-thumbnail","hentry"],"acf":[],"_links":{"self":[{"href":"https:\/\/lakedentaire.com\/fr\/wp-json\/wp\/v2\/pages\/2185","targetHints":{"allow":["GET"]}}],"collection":[{"href":"https:\/\/lakedentaire.com\/fr\/wp-json\/wp\/v2\/pages"}],"about":[{"href":"https:\/\/lakedentaire.com\/fr\/wp-json\/wp\/v2\/types\/page"}],"author":[{"embeddable":true,"href":"https:\/\/lakedentaire.com\/fr\/wp-json\/wp\/v2\/users\/2"}],"replies":[{"embeddable":true,"href":"https:\/\/lakedentaire.com\/fr\/wp-json\/wp\/v2\/comments?post=2185"}],"version-history":[{"count":124,"href":"https:\/\/lakedentaire.com\/fr\/wp-json\/wp\/v2\/pages\/2185\/revisions"}],"predecessor-version":[{"id":5928,"href":"https:\/\/lakedentaire.com\/fr\/wp-json\/wp\/v2\/pages\/2185\/revisions\/5928"}],"wp:featuredmedia":[{"embeddable":true,"href":"https:\/\/lakedentaire.com\/fr\/wp-json\/wp\/v2\/media\/4284"}],"wp:attachment":[{"href":"https:\/\/lakedentaire.com\/fr\/wp-json\/wp\/v2\/media?parent=2185"}],"curies":[{"name":"wp","href":"https:\/\/api.w.org\/{rel}","templated":true}]}}