{"id":3538,"date":"2021-07-12T17:33:56","date_gmt":"2021-07-12T17:33:56","guid":{"rendered":"http:\/\/lakedentaire.com\/our-practice\/"},"modified":"2026-03-19T20:27:08","modified_gmt":"2026-03-19T20:27:08","slug":"notre-clinique","status":"publish","type":"page","link":"https:\/\/lakedentaire.com\/fr\/notre-clinique\/","title":{"rendered":"Notre Clinique"},"content":{"rendered":"\n<div class=\"wp-block-group alignwide max-w-5xl px-8 lg:px-0 pt-20\"><div class=\"wp-block-group__inner-container is-layout-flow wp-block-group-is-layout-flow\">\n<div class=\"wp-block-group lg:mx-10 xl:mx-0\"><div class=\"wp-block-group__inner-container is-layout-flow wp-block-group-is-layout-flow\"><div class=\"heading-icon flex items-center justify-between space-x-8 mb-12\">\n    <div class=\"flex-shrink-0\">\n        \n\n<p class=\"has-h-2-font-size\">Pourquoi les gens<br>aiment Lake Dentaire<\/p>\n\n\n    <\/div>\n    <div class=\"hidden sm:block h-1 w-full bg-blush-800\"><\/div>\n     <svg class=\"inline-block w-12 h-12\" fill=\"none\" viewBox=\"0 0 49 49\" preserveAspectRatio=\"xMinYMin meet\" xmlns=\"http:\/\/www.w3.org\/2000\/svg\">\n    <path d=\"M0 9.21238V10.2889H4.04573V9.30978C4.04573 6.56983 6.27224 4.07088 9.56003 4.07088C12.8182 4.07088 15.0169 6.47243 15.0169 9.08894V10.2889H19.0372V9.38368C19.0372 3.77698 15.1816 0 9.50426 0C3.85477 0 0 3.7308 0 9.21238Z\" fill=\"currentColor\"\/>\n    <path d=\"M29.9644 9.21238V10.2889H34.0092V9.30978C34.0092 6.56983 36.2349 4.07088 39.5227 4.07088C42.7818 4.07088 44.9812 6.47243 44.9812 9.08894V10.2889H48.9999V9.38368C48.9999 3.77698 45.1435 0 39.4703 0C33.8174 0 29.9644 3.7308 29.9644 9.21238Z\" fill=\"currentColor\"\/>\n    <path d=\"M35.1161 37.1686C35.1161 40.0941 34.7975 42.6435 33.056 44.9728C31.1236 47.5205 28.0538 49 24.5395 49C21.0228 49 17.9842 47.5524 16.0214 44.7839C14.2799 42.3294 13.9951 40.032 13.9951 37.1056V32.7618H35.1161V37.1686ZM17.3505 36.1786V37.5045C17.3505 39.0117 17.4713 41.0917 18.7768 42.8408C19.8381 44.2271 21.7799 45.5849 24.5404 45.5849C27.2097 45.5849 29.3027 44.317 30.3656 42.871C31.639 41.1228 31.7607 38.9824 31.7607 37.5045V36.1786H17.3505Z\" fill=\"currentColor\"\/>\n<\/svg>\n     \n<\/div>\n \n<\/div><\/div>\n\n\n\n<div class=\"wp-block-columns is-layout-flex wp-container-core-columns-is-layout-9d6595d7 wp-block-columns-is-layout-flex\">\n<div class=\"wp-block-column is-layout-flow wp-block-column-is-layout-flow\" style=\"flex-basis:100%\">\n<div class=\"wp-block-group\"><div class=\"wp-block-group__inner-container is-layout-flow wp-block-group-is-layout-flow\">\n<div class=\"wp-block-columns items-center flex flex-col md:flex-row md:grid mb-10 md:mb-20 lg:mx-10 xl:mx-0 is-layout-flex wp-container-core-columns-is-layout-9d6595d7 wp-block-columns-is-layout-flex\">\n<div class=\"wp-block-column md:pr-12 mx-auto md:mx-0 pb-8 is-layout-flow wp-block-column-is-layout-flow\"><figcaption class=\"bg-sea-500 py-8 mr-8 inline-block wp-block-image-frame\">\n    <div class=\"transform translate-x-8\">\n        <img decoding=\"async\" src=\"https:\/\/lakedentaire.com\/wp-content\/uploads\/2021\/08\/Promotions_Invisalign-e1633624362906.jpg\" alt=\"\" \/>\n    <\/div>\n<\/figcaption>\n \n<\/div>\n\n\n\n<div class=\"wp-block-column order-2 is-layout-flow wp-block-column-is-layout-flow\">\n<h2 class=\"wp-block-heading mb-5 has-h-4-font-size\"><strong>NOUS PRENONS SOINS DE VOUS !<\/strong><\/h2>\n\n\n\n<p class=\"has-base-font-size\">Nous traitons nos patients comme s&#8217;ils font partie de notre famille.<\/p>\n\n\n\n<h2 class=\"wp-block-heading mb-5 mt-12 has-h-4-font-size\"><strong>NOUS VOUS METTONS \u00c0 L&#8217;AISE<\/strong><\/h2>\n\n\n\n<p class=\"has-base-font-size\">Nous savons que venir chez le dentiste peut causer de l\u2019angoisse et c&#8217;est pourquoi nous proposons des solutions comme les pilules de s\u00e9dation et le gaz hilarant (protoxyde d\u2019azote).<\/p>\n<\/div>\n<\/div>\n\n\n\n<div class=\"wp-block-columns items-center flex flex-col md:flex-row md:grid mb-10 md:mb-20 lg:mx-10 xl:mx-0 is-layout-flex wp-container-core-columns-is-layout-9d6595d7 wp-block-columns-is-layout-flex\">\n<div class=\"wp-block-column order-1 md:order-2 md:pl-12 mx-auto md:mx-0 pb-8 is-layout-flow wp-block-column-is-layout-flow\"><figcaption class=\"bg-sea-500 py-8 mr-8 inline-block wp-block-image-frame\">\n    <div class=\"transform translate-x-8\">\n        <img decoding=\"async\" src=\"https:\/\/lakedentaire.com\/wp-content\/uploads\/2021\/06\/IMG_20190320_095339.jpeg\" alt=\"\" \/>\n    <\/div>\n<\/figcaption>\n \n<\/div>\n\n\n\n<div class=\"wp-block-column order-2 md:order-1 is-layout-flow wp-block-column-is-layout-flow\">\n<h2 class=\"wp-block-heading mb-5 has-h-4-font-size\"><strong>NOUS AVONS DES T\u00c9L\u00c9VISIONS AU PLAFOND POUR QUE VOUS REGARDIEZ VOS \u00c9MISSIONS FAVORIS<\/strong><\/h2>\n\n\n\n<p class=\"has-base-font-size\">Chaque salle est \u00e9quip\u00e9e de deux t\u00e9l\u00e9viseurs &#8211; un \u00e0 l\u2019avant et un au plafond &#8211; pour que vous puissiez profiter de votre \u00e9mission pr\u00e9f\u00e9r\u00e9e sur Netflix, Disney+, Crave, Amazon Prime Video ou YouTube !<\/p>\n\n\n\n<h2 class=\"wp-block-heading mb-5 mt-12 has-h-4-font-size\"><strong>NOUS SOMMES \u00c0 LA FINE POINTE DE LA TECHNOLOGIE<\/strong><\/h2>\n\n\n\n<p class=\"has-base-font-size\">Cela inclut un scanner iTero Element\u00ae pour rendre les traitements plus facile et plus rapide.<\/p>\n<\/div>\n<\/div>\n\n\n\n<div class=\"wp-block-columns items-center flex flex-col md:flex-row md:grid mb-10 md:mb-20 lg:mx-10 xl:mx-0 is-layout-flex wp-container-core-columns-is-layout-9d6595d7 wp-block-columns-is-layout-flex\">\n<div class=\"wp-block-column md:pr-12 mx-auto md:mx-0 pb-8 is-layout-flow wp-block-column-is-layout-flow\"><figcaption class=\"bg-sea-500 py-8 mr-8 inline-block wp-block-image-frame\">\n    <div class=\"transform translate-x-8\">\n        <img decoding=\"async\" src=\"https:\/\/lakedentaire.com\/wp-content\/uploads\/2025\/02\/IMG_9440.jpg\" alt=\"\" \/>\n    <\/div>\n<\/figcaption>\n \n<\/div>\n\n\n\n<div class=\"wp-block-column order-2 is-layout-flow wp-block-column-is-layout-flow\">\n<h2 class=\"wp-block-heading mb-5 has-h-4-font-size\"><strong>NOUS AVONS UNE EXCELLENTE \u00c9QUIPE CLINIQUE<\/strong><\/h2>\n\n\n\n<p class=\"has-base-font-size\">Notre \u00e9quipe est douce et prend plus de temps pour s&#8217;assurer que vous \u00eates \u00e0 l&#8217;aise et bien soign\u00e9s.<\/p>\n\n\n\n<h2 class=\"wp-block-heading mb-5 mt-12 has-h-4-font-size\"><strong>NOUS COMPRENONS QUE LA PLUPART DES GENS PR\u00c9F\u00c8RENT ENVOYER UN TEXTE QUE PARLER AU T\u00c9L\u00c9PHONE<\/strong><\/h2>\n\n\n\n<p class=\"has-base-font-size\">Vous pouvez discuter avec nous par SMS, par courriel ou au t\u00e9l\u00e9phone pour rendre le processus plus efficace et convenient pour vous.<\/p>\n<\/div>\n<\/div>\n\n\n\n<div class=\"wp-block-columns items-center flex flex-col md:flex-row md:grid mb-10 md:mb-20 lg:mx-10 xl:mx-0 is-layout-flex wp-container-core-columns-is-layout-9d6595d7 wp-block-columns-is-layout-flex\">\n<div class=\"wp-block-column order-1 md:order-2 md:pl-12 mx-auto md:mx-0 pb-8 is-layout-flow wp-block-column-is-layout-flow\"><figcaption class=\"bg-sea-500 py-8 mr-8 inline-block wp-block-image-frame\">\n    <div class=\"transform translate-x-8\">\n        <img decoding=\"async\" src=\"https:\/\/lakedentaire.com\/wp-content\/uploads\/2025\/02\/IMG_9504-scaled.jpg\" alt=\"\" \/>\n    <\/div>\n<\/figcaption>\n \n<\/div>\n\n\n\n<div class=\"wp-block-column order-2 md:order-1 is-layout-flow wp-block-column-is-layout-flow\">\n<h2 class=\"wp-block-heading mb-5 has-h-4-font-size\"><strong>NOUS PRIORISONS VOTRE S\u00c9CURIT\u00c9<\/strong><\/h2>\n\n\n\n<p class=\"has-base-font-size\">Nous sommes pr\u00e9par\u00e9s et \u00e0 jour avec toutes les mesures pr\u00e9ventives COVID-19.<\/p>\n\n\n\n<h2 class=\"wp-block-heading mb-5 mt-12 has-h-4-font-size\"><strong>NOUS VOUS OFFRONS LA POSSIBILIT\u00c9 DE R\u00c9SERVER EN LIGNE<\/strong><\/h2>\n\n\n\n<p class=\"has-base-font-size\">Vous avez acc\u00e8s en temps r\u00e9el aux rendez-vous disponibles ! Il est alors facile de r\u00e9server du temps \u00e0 votre convenance.<\/p>\n<\/div>\n<\/div>\n\n\n\n<div class=\"wp-block-columns items-center flex flex-col md:flex-row md:grid mb-10 md:mb-20 lg:mx-10 xl:mx-0 is-layout-flex wp-container-core-columns-is-layout-9d6595d7 wp-block-columns-is-layout-flex\">\n<div class=\"wp-block-column md:pr-12 mx-auto md:mx-0 pb-8 is-layout-flow wp-block-column-is-layout-flow\"><figcaption class=\"bg-sea-500 py-8 mr-8 inline-block wp-block-image-frame\">\n    <div class=\"transform translate-x-8\">\n        <img decoding=\"async\" src=\"https:\/\/lakedentaire.com\/wp-content\/uploads\/2021\/06\/IMG_20190320_094404.jpeg\" alt=\"\" \/>\n    <\/div>\n<\/figcaption>\n \n<\/div>\n\n\n\n<div class=\"wp-block-column order-2 is-layout-flow wp-block-column-is-layout-flow\">\n<h2 class=\"wp-block-heading mb-5 has-h-4-font-size\"><strong>NOUS RENDONS L&#8217;EXP\u00c9RIENCE AGR\u00c9ABLE POUR VOS ENFANTS !<\/strong><\/h2>\n\n\n\n<p class=\"has-base-font-size\">Nous avons des dessins anim\u00e9s sur nos t\u00e9l\u00e9visions, un coin de jeux pour enfants avec des iPads et des machines \u00e0 cadeaux..<\/p>\n\n\n\n<h2 class=\"wp-block-heading mb-5 mt-12 has-h-4-font-size\"><strong>NOUS DISCUTONS TOUTES VOS OPTIONS DE TRAITEMENT AVEC VOUS ET SOMMES TRANSPARENTS AVEC VOS BESOINS<\/strong><\/h2>\n\n\n\n<p class=\"has-base-font-size\">Nous prenons le temps de tout expliquer en d\u00e9tail et de formuler un plan ensemble sans pression et sans jugement.<\/p>\n<\/div>\n<\/div>\n<\/div><\/div>\n<\/div>\n<\/div>\n<\/div><\/div>\n","protected":false},"excerpt":{"rendered":"<p>NOUS PRENONS SOINS DE VOUS ! Nous traitons nos patients comme s&#8217;ils font partie de notre famille. NOUS VOUS METTONS \u00c0 L&#8217;AISE Nous savons que venir chez le dentiste peut causer de l\u2019angoisse et c&#8217;est pourquoi nous proposons des solutions comme les pilules de s\u00e9dation et le gaz hilarant (protoxyde d\u2019azote). NOUS AVONS DES T\u00c9L\u00c9VISIONS &hellip; <a href=\"https:\/\/lakedentaire.com\/fr\/notre-clinique\/\">Continued<\/a><\/p>\n","protected":false},"author":2,"featured_media":0,"parent":0,"menu_order":0,"comment_status":"closed","ping_status":"closed","template":"","meta":{"_acf_changed":false,"_monsterinsights_skip_tracking":false,"_monsterinsights_sitenote_active":false,"_monsterinsights_sitenote_note":"","_monsterinsights_sitenote_category":0,"footnotes":""},"class_list":["post-3538","page","type-page","status-publish","hentry"],"acf":[],"_links":{"self":[{"href":"https:\/\/lakedentaire.com\/fr\/wp-json\/wp\/v2\/pages\/3538","targetHints":{"allow":["GET"]}}],"collection":[{"href":"https:\/\/lakedentaire.com\/fr\/wp-json\/wp\/v2\/pages"}],"about":[{"href":"https:\/\/lakedentaire.com\/fr\/wp-json\/wp\/v2\/types\/page"}],"author":[{"embeddable":true,"href":"https:\/\/lakedentaire.com\/fr\/wp-json\/wp\/v2\/users\/2"}],"replies":[{"embeddable":true,"href":"https:\/\/lakedentaire.com\/fr\/wp-json\/wp\/v2\/comments?post=3538"}],"version-history":[{"count":22,"href":"https:\/\/lakedentaire.com\/fr\/wp-json\/wp\/v2\/pages\/3538\/revisions"}],"predecessor-version":[{"id":5935,"href":"https:\/\/lakedentaire.com\/fr\/wp-json\/wp\/v2\/pages\/3538\/revisions\/5935"}],"wp:attachment":[{"href":"https:\/\/lakedentaire.com\/fr\/wp-json\/wp\/v2\/media?parent=3538"}],"curies":[{"name":"wp","href":"https:\/\/api.w.org\/{rel}","templated":true}]}}