{"id":4148,"date":"2021-11-18T19:22:33","date_gmt":"2021-11-18T19:22:33","guid":{"rendered":"https:\/\/lakedentaire.com\/copy-services-dentaires\/"},"modified":"2021-11-18T23:03:54","modified_gmt":"2021-11-18T23:03:54","slug":"netiquette","status":"publish","type":"page","link":"https:\/\/lakedentaire.com\/fr\/netiquette\/","title":{"rendered":"N\u00e9tiquette"},"content":{"rendered":"\n<div class=\"wp-block-cover alignfull has-sea-700-background-color has-background-dim has-custom-content-position is-position-bottom-center\" style=\"min-height:325px;aspect-ratio:unset;\"><div class=\"wp-block-cover__inner-container is-layout-flow wp-block-cover-is-layout-flow\">\n<p class=\"has-text-align-center has-h-1-font-size\">N\u00e9tiquette<\/p>\n<\/div><\/div>\n\n\n\n<div class=\"wp-block-columns alignwide text-center max-w-5xl sm:my-12 pt-12 pb-8 px-0 is-layout-flex wp-container-core-columns-is-layout-9d6595d7 wp-block-columns-is-layout-flex\">\n<div class=\"wp-block-column is-layout-flow wp-block-column-is-layout-flow\">\n<p style=\"font-size:20px\"><meta charset=\"utf-8\">Notre mission \u00e0 Lake Dentaire c&#8217;est d&#8217;offrir les meilleurs soins dentaires et de s&#8217;amuser tout en les faisant. Nous publions \u00e9guli\u00e8rement du contenu sur nos r\u00e9seaux sociaux, notamment Facebook, Instagram, YouTube, TikTok et LinkedIn. <\/p>\n\n\n\n<p><\/p>\n\n\n\n<p style=\"font-size:20px\">Nous sommes une clinique dentaire qui valorise le respect et l&#8217;honn\u00eatet\u00e9 et nous sommes l\u00e0 pour les personnes de tous \u00e2ges. En tant que tel, nous avons cr\u00e9\u00e9 un ensemble de r\u00e8gles pour un comportement en ligne acceptable sur nos plateformes de m\u00e9dias sociaux. Les r\u00e8gles ci-dessous s&#8217;appliquent \u00e0 l&#8217;ensemble des plateformes et s&#8217;appliquent \u00e0 toutes les personnes qui interagissent avec nos comptes de r\u00e9seaux sociaux. Ces r\u00e8gles sont appliqu\u00e9es par nous, les administrateurs.<\/p>\n<\/div>\n<\/div>\n\n\n\n<div class=\"wp-block-group alignfull pb-12 sm:pb-24 bg-gradient-to-b from-white to-blush-200\"><div class=\"wp-block-group__inner-container is-layout-flow wp-block-group-is-layout-flow\">\n<div class=\"wp-block-group alignwide max-w-5xl\"><div class=\"wp-block-group__inner-container is-layout-flow wp-block-group-is-layout-flow\"><div class=\"heading-icon flex items-center justify-between space-x-8 mb-12\">\n    <div class=\"flex-shrink-0\">\n        \n\n<h2 class=\"has-h-2-font-size wp-block-heading\" id=\"preventative\">R\u00e8gles<\/h2>\n\n\n    <\/div>\n    <div class=\"hidden sm:block h-1 w-full bg-blush-800\"><\/div>\n     <svg class=\"inline-block w-12 h-12\" fill=\"none\" viewBox=\"0 0 49 49\" preserveAspectRatio=\"xMinYMin meet\" xmlns=\"http:\/\/www.w3.org\/2000\/svg\">\n    <path d=\"M0 9.21238V10.2889H4.04573V9.30978C4.04573 6.56983 6.27224 4.07088 9.56003 4.07088C12.8182 4.07088 15.0169 6.47243 15.0169 9.08894V10.2889H19.0372V9.38368C19.0372 3.77698 15.1816 0 9.50426 0C3.85477 0 0 3.7308 0 9.21238Z\" fill=\"currentColor\"\/>\n    <path d=\"M29.9644 9.21238V10.2889H34.0092V9.30978C34.0092 6.56983 36.2349 4.07088 39.5227 4.07088C42.7818 4.07088 44.9812 6.47243 44.9812 9.08894V10.2889H48.9999V9.38368C48.9999 3.77698 45.1435 0 39.4703 0C33.8174 0 29.9644 3.7308 29.9644 9.21238Z\" fill=\"currentColor\"\/>\n    <path d=\"M35.1161 37.1686C35.1161 40.0941 34.7975 42.6435 33.056 44.9728C31.1236 47.5205 28.0538 49 24.5395 49C21.0228 49 17.9842 47.5524 16.0214 44.7839C14.2799 42.3294 13.9951 40.032 13.9951 37.1056V32.7618H35.1161V37.1686ZM17.3505 36.1786V37.5045C17.3505 39.0117 17.4713 41.0917 18.7768 42.8408C19.8381 44.2271 21.7799 45.5849 24.5404 45.5849C27.2097 45.5849 29.3027 44.317 30.3656 42.871C31.639 41.1228 31.7607 38.9824 31.7607 37.5045V36.1786H17.3505Z\" fill=\"currentColor\"\/>\n<\/svg>\n     \n<\/div>\n \n\n\n\n<div class=\"wp-block-group my-12\"><div class=\"wp-block-group__inner-container is-layout-flow wp-block-group-is-layout-flow\">\n<h2 class=\"mb-8 has-black-color has-text-color has-h-4-font-size wp-block-heading\">R\u00e8gle 1<\/h2>\n\n\n\n<div style=\"height:1px\" aria-hidden=\"true\" class=\"wp-block-spacer\"><\/div>\n\n\n\n<p>Souvenez-vous de l&#8217;humain. Nos m\u00e9dias sociaux sont un lieu de cr\u00e9ation de communaut\u00e9 et d&#8217;appartenance. Ils ne sont pas pour attaquer des groupes de personnes. Tout le monde a le droit d&#8217;interagir avec nos m\u00e9dias sociaux sans harc\u00e8lement, intimidation et menaces de violence. Les utilisateurs qui incitent \u00e0 la violence ou qui promeuvent la haine seront bannis.<\/p>\n\n\n\n<div style=\"height:1px\" aria-hidden=\"true\" class=\"wp-block-spacer\"><\/div>\n\n\n\n<h2 class=\"mb-8 has-black-color has-text-color has-h-4-font-size wp-block-heading\">R\u00e8gle 2<\/h2>\n\n\n\n<div style=\"height:1px\" aria-hidden=\"true\" class=\"wp-block-spacer\"><\/div>\n\n\n\n<p>Respectez la vie priv\u00e9e des autres.<\/p>\n\n\n\n<div style=\"height:1px\" aria-hidden=\"true\" class=\"wp-block-spacer\"><\/div>\n\n\n\n<h2 class=\"mb-8 has-black-color has-text-color has-h-4-font-size wp-block-heading\">R\u00e8gle 3<\/h2>\n\n\n\n<div style=\"height:1px\" aria-hidden=\"true\" class=\"wp-block-spacer\"><\/div>\n\n\n\n<p>Ne publiez pas et n&#8217;encouragez pas la publication de contenu sexuellement inappropri\u00e9 ou suggestif.<\/p>\n\n\n\n<div style=\"height:1px\" aria-hidden=\"true\" class=\"wp-block-spacer\"><\/div>\n\n\n\n<h2 class=\"mb-8 has-black-color has-text-color has-h-4-font-size wp-block-heading\">R\u00e8gle 4<\/h2>\n\n\n\n<div style=\"height:1px\" aria-hidden=\"true\" class=\"wp-block-spacer\"><\/div>\n\n\n\n<p>Gardez cela l\u00e9gal et \u00e9vitez de publier du contenu ill\u00e9gal ou de solliciter ou de faciliter des transactions ill\u00e9gales ou interdites.<\/p>\n<\/div><\/div>\n<\/div><\/div>\n<\/div><\/div>\n\n\n\n<div class=\"wp-block-group alignfull py-24 bg-gradient-to-b from-white to-sea-300\"><div class=\"wp-block-group__inner-container is-layout-flow wp-block-group-is-layout-flow\">\n<div class=\"wp-block-group alignwide max-w-5xl\"><div class=\"wp-block-group__inner-container is-layout-flow wp-block-group-is-layout-flow\"><div class=\"heading-icon flex items-center justify-between space-x-8 mb-12\">\n    <div class=\"flex-shrink-0\">\n        \n\n<h2 class=\"has-h-2-font-size wp-block-heading\" id=\"treatments\"><strong>Application<\/strong><\/h2>\n\n\n    <\/div>\n    <div class=\"hidden sm:block h-1 w-full bg-blush-800\"><\/div>\n     <svg class=\"inline-block w-12 h-12\" fill=\"none\" viewBox=\"0 0 49 49\" preserveAspectRatio=\"xMinYMin meet\" xmlns=\"http:\/\/www.w3.org\/2000\/svg\">\n    <path d=\"M0 9.21238V10.2889H4.04573V9.30978C4.04573 6.56983 6.27224 4.07088 9.56003 4.07088C12.8182 4.07088 15.0169 6.47243 15.0169 9.08894V10.2889H19.0372V9.38368C19.0372 3.77698 15.1816 0 9.50426 0C3.85477 0 0 3.7308 0 9.21238Z\" fill=\"currentColor\"\/>\n    <path d=\"M29.9644 9.21238V10.2889H34.0092V9.30978C34.0092 6.56983 36.2349 4.07088 39.5227 4.07088C42.7818 4.07088 44.9812 6.47243 44.9812 9.08894V10.2889H48.9999V9.38368C48.9999 3.77698 45.1435 0 39.4703 0C33.8174 0 29.9644 3.7308 29.9644 9.21238Z\" fill=\"currentColor\"\/>\n    <path d=\"M35.1161 37.1686C35.1161 40.0941 34.7975 42.6435 33.056 44.9728C31.1236 47.5205 28.0538 49 24.5395 49C21.0228 49 17.9842 47.5524 16.0214 44.7839C14.2799 42.3294 13.9951 40.032 13.9951 37.1056V32.7618H35.1161V37.1686ZM17.3505 36.1786V37.5045C17.3505 39.0117 17.4713 41.0917 18.7768 42.8408C19.8381 44.2271 21.7799 45.5849 24.5404 45.5849C27.2097 45.5849 29.3027 44.317 30.3656 42.871C31.639 41.1228 31.7607 38.9824 31.7607 37.5045V36.1786H17.3505Z\" fill=\"currentColor\"\/>\n<\/svg>\n     \n<\/div>\n \n\n\n\n<div class=\"wp-block-group my-12\"><div class=\"wp-block-group__inner-container is-layout-flow wp-block-group-is-layout-flow\">\n<p>Nous avons diff\u00e9rentes mani\u00e8res de renforcer nos r\u00e8gles. Ils incluent, sans s&#8217;y limiter:<\/p>\n\n\n\n<ul class=\"list-disc ml-5 wp-block-list\"><li>Suppression des commentaires<\/li><li>Interdiction ou blocage d&#8217;utilisateurs<\/li><li>Actions l\u00e9gales<\/li><\/ul>\n<\/div><\/div>\n<\/div><\/div>\n<\/div><\/div>\n","protected":false},"excerpt":{"rendered":"<p>Notre mission \u00e0 Lake Dentaire c&#8217;est d&#8217;offrir les meilleurs soins dentaires et de s&#8217;amuser tout en les faisant. Nous publions \u00e9guli\u00e8rement du contenu sur nos r\u00e9seaux sociaux, notamment Facebook, Instagram, YouTube, TikTok et LinkedIn. Nous sommes une clinique dentaire qui valorise le respect et l&#8217;honn\u00eatet\u00e9 et nous sommes l\u00e0 pour les personnes de tous \u00e2ges. &hellip; <a href=\"https:\/\/lakedentaire.com\/fr\/netiquette\/\">Continued<\/a><\/p>\n","protected":false},"author":4,"featured_media":1463,"parent":0,"menu_order":0,"comment_status":"closed","ping_status":"closed","template":"","meta":{"_acf_changed":false,"_monsterinsights_skip_tracking":false,"_monsterinsights_sitenote_active":false,"_monsterinsights_sitenote_note":"","_monsterinsights_sitenote_category":0,"footnotes":""},"class_list":["post-4148","page","type-page","status-publish","has-post-thumbnail","hentry"],"acf":[],"_links":{"self":[{"href":"https:\/\/lakedentaire.com\/fr\/wp-json\/wp\/v2\/pages\/4148","targetHints":{"allow":["GET"]}}],"collection":[{"href":"https:\/\/lakedentaire.com\/fr\/wp-json\/wp\/v2\/pages"}],"about":[{"href":"https:\/\/lakedentaire.com\/fr\/wp-json\/wp\/v2\/types\/page"}],"author":[{"embeddable":true,"href":"https:\/\/lakedentaire.com\/fr\/wp-json\/wp\/v2\/users\/4"}],"replies":[{"embeddable":true,"href":"https:\/\/lakedentaire.com\/fr\/wp-json\/wp\/v2\/comments?post=4148"}],"version-history":[{"count":18,"href":"https:\/\/lakedentaire.com\/fr\/wp-json\/wp\/v2\/pages\/4148\/revisions"}],"predecessor-version":[{"id":4198,"href":"https:\/\/lakedentaire.com\/fr\/wp-json\/wp\/v2\/pages\/4148\/revisions\/4198"}],"wp:featuredmedia":[{"embeddable":true,"href":"https:\/\/lakedentaire.com\/fr\/wp-json\/wp\/v2\/media\/1463"}],"wp:attachment":[{"href":"https:\/\/lakedentaire.com\/fr\/wp-json\/wp\/v2\/media?parent=4148"}],"curies":[{"name":"wp","href":"https:\/\/api.w.org\/{rel}","templated":true}]}}